{"id":2065,"date":"2022-07-12T11:21:38","date_gmt":"2022-07-12T09:21:38","guid":{"rendered":"https:\/\/editorialmondigromax.com\/?page_id=2065"},"modified":"2022-12-06T18:13:56","modified_gmt":"2022-12-06T17:13:56","slug":"aquae-links","status":"publish","type":"page","link":"https:\/\/editorialmondigromax.com\/ca\/aquae-links\/","title":{"rendered":"AEQUAE-links"},"content":{"rendered":"<p>[et_pb_section fb_built=&#8221;1&#8243; _builder_version=&#8221;4.16&#8243; custom_padding=&#8221;0px||0px||false|false&#8221; global_colors_info=&#8221;{}&#8221;][et_pb_row column_structure=&#8221;1_2,1_2&#8243; make_equal=&#8221;on&#8221; custom_padding_last_edited=&#8221;on|phone&#8221; _builder_version=&#8221;4.17.4&#8243; background_size=&#8221;contain&#8221; custom_padding=&#8221;75px||75px||false|false&#8221; custom_padding_tablet=&#8221;&#8221; custom_padding_phone=&#8221;||75px||false|false&#8221; global_colors_info=&#8221;{}&#8221;][et_pb_column type=&#8221;1_2&#8243; _builder_version=&#8221;4.16&#8243; global_colors_info=&#8221;{}&#8221;][et_pb_text _builder_version=&#8221;4.18.0&#8243; text_font=&#8221;|700||on|||||&#8221; text_text_color=&#8221;#a38b49&#8243; text_font_size=&#8221;13px&#8221; text_letter_spacing=&#8221;4px&#8221; background_color=&#8221;#000000&#8243; custom_margin=&#8221;||0px||false|false&#8221; custom_padding=&#8221;2px|10px|2px|10px|false|true&#8221; hover_enabled=&#8221;0&#8243; custom_css_main_element=&#8221;width: fit-content;&#8221; global_colors_info=&#8221;{}&#8221; sticky_enabled=&#8221;0&#8243;]<\/p>\n<p>Obres<\/p>\n<p>[\/et_pb_text][et_pb_text _builder_version=&#8221;4.17.4&#8243; header_2_font_size=&#8221;48px&#8221; header_3_font_size=&#8221;27px&#8221; global_colors_info=&#8221;{}&#8221;]<\/p>\n<h3>AEQUAE -Raquel Garc\u00eda-Tom\u00e1s<\/h3>\n<p>[\/et_pb_text][et_pb_text _builder_version=&#8221;4.18.0&#8243; custom_margin=&#8221;||20px||false|false&#8221; hover_enabled=&#8221;0&#8243; global_colors_info=&#8221;{}&#8221; sticky_enabled=&#8221;0&#8243;]<\/p>\n<p><strong>T\u00edtol:<\/strong>\u00a0AEQUAE, Exploring equality paradoxes<br \/><strong>G\u00e8nere:<\/strong>\u00a0sextet de cambra i piano<br \/><strong>Categoria:<\/strong>\u00a0cambra<br \/><strong>Instrumentaci\u00f3:<\/strong>\u00a0sextet. Flauta alta, clarinet baix, saxo soprano i saxo alt, tromb\u00f3, percussi\u00f3 (blocs de granit, marimba) i piano<br \/><strong>Any de composici\u00f3:<\/strong>\u00a02012, revisat el 2021<br \/><strong>Durada:<\/strong>\u00a012 min.<br \/><strong>Editorial<\/strong>\u00a0Mondigromax<br \/><strong>Enc\u00e0rrec:<\/strong>\u00a0OSIC (Oficina de Suport a la Iniciativa Cultural), Departament de Cultura de la Generalitat de Catalunya<br \/><strong>Estrena mundial:<\/strong>\u00a06 d\u2019agost 2012 a l\u2019Ateneu Barcelon\u00e8s, Festival CrossingLines<br \/><strong>Partitura:<\/strong>\u00a0pdf 47 p\u00e0g.<br \/><strong>ISMN:<\/strong>\u00a0979-0-9018954-7-8<\/p>\n<p>[\/et_pb_text][\/et_pb_column][et_pb_column type=&#8221;1_2&#8243; _builder_version=&#8221;4.17.4&#8243; background_image=&#8221;https:\/\/editorialmondigromax.com\/wp-content\/uploads\/2022\/06\/Aequae_GarciaTomas-1-scaled.jpg&#8221; background_size=&#8221;contain&#8221; global_colors_info=&#8221;{}&#8221;][et_pb_divider show_divider=&#8221;off&#8221; _builder_version=&#8221;4.16&#8243; custom_padding_tablet=&#8221;125px||125px||true|false&#8221; custom_padding_phone=&#8221;&#8221; custom_padding_last_edited=&#8221;on|phone&#8221; global_colors_info=&#8221;{}&#8221;][\/et_pb_divider][\/et_pb_column][\/et_pb_row][\/et_pb_section][et_pb_section fb_built=&#8221;1&#8243; _builder_version=&#8221;4.16&#8243; custom_padding=&#8221;0px|||||&#8221; global_colors_info=&#8221;{}&#8221;][et_pb_row column_structure=&#8221;1_3,1_3,1_3&#8243; _builder_version=&#8221;4.17.4&#8243; _module_preset=&#8221;default&#8221; global_colors_info=&#8221;{}&#8221;][et_pb_column type=&#8221;1_3&#8243; _builder_version=&#8221;4.17.4&#8243; _module_preset=&#8221;default&#8221; global_colors_info=&#8221;{}&#8221;][et_pb_button button_url=&#8221;https:\/\/editorialmondigromax.com\/ca\/formulari-lloguer-obra\/&#8221; button_text=&#8221;Lloguer material de l&#8217;obra&#8221; button_alignment=&#8221;center&#8221; _builder_version=&#8221;4.17.4&#8243; _module_preset=&#8221;default&#8221; custom_button=&#8221;on&#8221; button_text_color=&#8221;#9A8A33&#8243; button_bg_color=&#8221;#FFFFFF&#8221; button_border_radius=&#8221;20px&#8221; button_letter_spacing=&#8221;2px&#8221; global_colors_info=&#8221;{}&#8221; button_text_color__hover_enabled=&#8221;on|desktop&#8221; button_text_color__hover=&#8221;#000000&#8243; button_bg_color__hover_enabled=&#8221;on|hover&#8221; button_bg_color__hover=&#8221;#C7C79B&#8221; button_bg_enable_color__hover=&#8221;on&#8221;][\/et_pb_button][\/et_pb_column][et_pb_column type=&#8221;1_3&#8243; _builder_version=&#8221;4.17.4&#8243; _module_preset=&#8221;default&#8221; global_colors_info=&#8221;{}&#8221;][et_pb_button button_url=&#8221;https:\/\/editorialmondigromax.com\/ca\/formulari-sollicitud-llicencia\/&#8221; button_text=&#8221;Sol\u00b7licitud Llic\u00e8ncia&#8221; button_alignment=&#8221;center&#8221; _builder_version=&#8221;4.17.4&#8243; _module_preset=&#8221;default&#8221; custom_button=&#8221;on&#8221; button_text_color=&#8221;#9A8A33&#8243; button_bg_color=&#8221;#FFFFFF&#8221; button_border_radius=&#8221;20px&#8221; button_letter_spacing=&#8221;2px&#8221; global_colors_info=&#8221;{}&#8221; button_text_color__hover_enabled=&#8221;on|desktop&#8221; button_text_color__hover=&#8221;#000000&#8243; button_bg_color__hover_enabled=&#8221;on|hover&#8221; button_bg_color__hover=&#8221;#C7C79B&#8221; button_bg_enable_color__hover=&#8221;on&#8221;][\/et_pb_button][\/et_pb_column][et_pb_column type=&#8221;1_3&#8243; _builder_version=&#8221;4.17.4&#8243; _module_preset=&#8221;default&#8221; global_colors_info=&#8221;{}&#8221;][et_pb_button button_url=&#8221;https:\/\/editorialmondigromax.com\/ca\/producte\/aequae_raquel-garcia-tomas\/&#8221; button_text=&#8221;Comprar a la botiga&#8221; button_alignment=&#8221;center&#8221; _builder_version=&#8221;4.18.0&#8243; _module_preset=&#8221;default&#8221; custom_button=&#8221;on&#8221; button_text_color=&#8221;#9A8A33&#8243; button_bg_color=&#8221;#FFFFFF&#8221; button_border_radius=&#8221;20px&#8221; button_letter_spacing=&#8221;2px&#8221; global_colors_info=&#8221;{}&#8221; button_text_color__hover_enabled=&#8221;on|desktop&#8221; button_text_color__hover=&#8221;#000000&#8243; button_bg_color__hover_enabled=&#8221;on|hover&#8221; button_bg_color__hover=&#8221;#C7C79B&#8221; button_bg_enable_color__hover=&#8221;on&#8221;][\/et_pb_button][\/et_pb_column][\/et_pb_row][\/et_pb_section]<\/p>\n","protected":false},"excerpt":{"rendered":"<p>ObresAEQUAE -Raquel Garc\u00eda-Tom\u00e1sT\u00edtol:\u00a0AEQUAE, Exploring equality paradoxesG\u00e8nere:\u00a0sextet de cambra i pianoCategoria:\u00a0cambraInstrumentaci\u00f3:\u00a0sextet. Flauta alta, clarinet baix, saxo soprano i saxo alt, tromb\u00f3, percussi\u00f3 (blocs de granit, marimba) i pianoAny de composici\u00f3:\u00a02012, revisat el 2021Durada:\u00a012 min.Editorial\u00a0MondigromaxEnc\u00e0rrec:\u00a0OSIC (Oficina de Suport a la Iniciativa Cultural), Departament de Cultura de la Generalitat de CatalunyaEstrena mundial:\u00a06 d\u2019agost 2012 a l\u2019Ateneu Barcelon\u00e8s, Festival [&hellip;]<\/p>\n","protected":false},"author":1,"featured_media":0,"parent":0,"menu_order":0,"comment_status":"closed","ping_status":"closed","template":"","meta":{"_et_pb_use_builder":"on","_et_pb_old_content":"","_et_gb_content_width":"","footnotes":""},"class_list":["post-2065","page","type-page","status-publish","hentry"],"_links":{"self":[{"href":"https:\/\/editorialmondigromax.com\/ca\/wp-json\/wp\/v2\/pages\/2065","targetHints":{"allow":["GET"]}}],"collection":[{"href":"https:\/\/editorialmondigromax.com\/ca\/wp-json\/wp\/v2\/pages"}],"about":[{"href":"https:\/\/editorialmondigromax.com\/ca\/wp-json\/wp\/v2\/types\/page"}],"author":[{"embeddable":true,"href":"https:\/\/editorialmondigromax.com\/ca\/wp-json\/wp\/v2\/users\/1"}],"replies":[{"embeddable":true,"href":"https:\/\/editorialmondigromax.com\/ca\/wp-json\/wp\/v2\/comments?post=2065"}],"version-history":[{"count":0,"href":"https:\/\/editorialmondigromax.com\/ca\/wp-json\/wp\/v2\/pages\/2065\/revisions"}],"wp:attachment":[{"href":"https:\/\/editorialmondigromax.com\/ca\/wp-json\/wp\/v2\/media?parent=2065"}],"curies":[{"name":"wp","href":"https:\/\/api.w.org\/{rel}","templated":true}]}}