{"id":3675,"date":"2022-08-06T19:26:09","date_gmt":"2022-08-06T17:26:09","guid":{"rendered":"https:\/\/editorialmondigromax.com\/mes-informacio-sobre-les-cookies\/"},"modified":"2022-12-02T12:17:05","modified_gmt":"2022-12-02T11:17:05","slug":"mes-informacio-sobre-les-cookies","status":"publish","type":"page","link":"https:\/\/editorialmondigromax.com\/ca\/mes-informacio-sobre-les-cookies\/","title":{"rendered":"M\u00e9s informaci\u00f3 sobre les cookies"},"content":{"rendered":"<h3>Qu\u00e8 \u00e9s una cookie (galeta)?<\/h3>\n<p>Una cookie \u00e9s un fitxer de text <strong>inofensiu<\/strong> que s&#8217;emmagatzema al navegador quan visita gaireb\u00e9 qualsevol p\u00e0gina web. La utilitat de la cookie \u00e9s que la web sigui capa\u00e7 de recordar la vostra visita quan torneu a navegar per aquesta p\u00e0gina. Encara que molta gent no ho sap, les galetes es porten utilitzant des de fa 20 anys, quan van apar\u00e8ixer els primers navegadors per a la World Wide Web.<\/p>\n<h3>Qu\u00e8 NO \u00c9S una cookie?<\/h3>\n<p>No \u00e9s un virus, ni un troi\u00e0, ni un cuc, ni spam, ni spyware, ni obre finestres pop-up.<\/p>\n<h3>Quina informaci\u00f3 emmagatzema una cookie?<\/h3>\n<p>Les cookies no solen emmagatzemar informaci\u00f3 sensible sobre vost\u00e8, com targetes de cr\u00e8dit o dades banc\u00e0ries, fotografies, el seu DNI o informaci\u00f3 personal, etc. Les dades que guarden s\u00f3n de car\u00e0cter t\u00e8cnic, prefer\u00e8ncies personals, personalitzaci\u00f3 de continguts, etc.<\/p>\n<p>El servidor web no us associa a vost\u00e8 com a persona sin\u00f3 al vostre navegador web. De fet, si navega habitualment amb Internet Explorer i prova de navegar per la mateixa web amb Firefox o Chrome veur\u00e0 que la web no s&#8217;adona que \u00e9s vost\u00e8 la mateixa persona perqu\u00e8 en realitat est\u00e0 associant al navegador, no a la persona.<\/p>\n<h3>Quin tipus de galetes hi ha?<\/h3>\n<ul>\n<li>Galetes t\u00e8cniques: S\u00f3n les m\u00e9s elementals i permeten, entre altres coses, saber quan est\u00e0 navegant un hum\u00e0 o una aplicaci\u00f3 automatitzada, quan navega un usuari an\u00f2nim i un registrat, tasques b\u00e0siques per al funcionament de qualsevol web din\u00e0mica.<\/li>\n<li>Galetes d&#8217;an\u00e0lisi: recullen informaci\u00f3 sobre el tipus de navegaci\u00f3 que esteu realitzant, les seccions que m\u00e9s utilitzeu, productes consultats, franja hor\u00e0ria d&#8217;\u00fas, idioma, etc.<\/li>\n<li>Galetes publicit\u00e0ries: Mostren publicitat en funci\u00f3 de la seva navegaci\u00f3, el seu pa\u00eds de proced\u00e8ncia, idioma, etc.<\/li>\n<\/ul>\n<h3>Qu\u00e8 s\u00f3n les cookies pr\u00f2pies i les de tercers?<\/h3>\n<p>Les cookies pr\u00f2pies s\u00f3n les generades per la p\u00e0gina que esteu visitant i les de tercers s\u00f3n les generades per serveis o prove\u00efdors externs com Facebook, Twitter, Google, etc.<\/p>\n<h3>Qu\u00e8 passa si desactiveu les cookies?<\/h3>\n<p>Perqu\u00e8 entengueu les conseq\u00fc\u00e8ncies que podeu tenir quan desactiveu les cookies, us mostrem uns exemples:<\/p>\n<ul>\n<li>No podreu compartir continguts d&#8217;aquesta web a Facebook, Twitter o qualsevol altra xarxa social.<\/li>\n<li>El lloc web no podr\u00e0 adaptar els continguts a les seves prefer\u00e8ncies personals, com sol passar a les botigues en l\u00ednia.<\/li>\n<li>No podreu accedir a l&#8217;\u00e0rea personal d&#8217;aquesta web, com ara El meu compte, o El meu perfil o Les meves comandes.<\/li>\n<li>Botigues en l\u00ednia: Li ser\u00e0 impossible realitzar compres en l\u00ednia, hauran de ser telef\u00f2niques o visitant la botiga f\u00edsica si \u00e9s que en disposa.<\/li>\n<li>No ser\u00e0 possible personalitzar les vostres prefer\u00e8ncies geogr\u00e0fiques com ara franja hor\u00e0ria, divisa o idioma.<\/li>\n<li>El lloc web no podr\u00e0 realitzar anal\u00edtiques web sobre visitants i tr\u00e0nsit a la web, cosa que dificultar\u00e0 que la web sigui competitiva.<\/li>\n<li>No podr\u00e0 escriure al bloc, no podr\u00e0 pujar fotos, publicar comentaris, valorar o puntuar continguts. La web tampoc podr\u00e0 saber si vost\u00e8 \u00e9s un hum\u00e0 o una aplicaci\u00f3 automatitzada que publica spam.<\/li>\n<li>No es podr\u00e0 mostrar publicitat sectoritzada, cosa que reduir\u00e0 els ingressos publicitaris de la web.<\/li>\n<li>Totes les xarxes socials utilitzen cookies, si les desactiva no podreu utilitzar cap xarxa social.<\/li>\n<\/ul>\n<h3>Es poden eliminar les cookies?<\/h3>\n<p>S\u00ed. No nom\u00e9s eliminar, tamb\u00e9 bloquejar, de manera general o particular per a un domini espec\u00edfic.<\/p>\n<p>Per eliminar les galetes d&#8217;un lloc web heu d&#8217;anar a la configuraci\u00f3 del vostre navegador i all\u00e0 podreu buscar les associades al domini en q\u00fcesti\u00f3 i procedir a la seva eliminaci\u00f3.<\/p>\n<h3>Configuraci\u00f3 de cookies per als navegadors m\u00e9s populars<\/h3>\n<p>A continuaci\u00f3 us indiquem com accedir a una cookie determinada del navegador <strong>Chrome.<\/strong> Nota: aquests passos poden variar en funci\u00f3 de la versi\u00f3 del navegador:<\/p>\n<ol>\n<li>Aneu a Configuraci\u00f3 o Prefer\u00e8ncies mitjan\u00e7ant el men\u00fa Arxiu o b\u00e9 clicant la icona de personalitzaci\u00f3 que apareix a dalt a la dreta.<\/li>\n<li>Veureu diferents seccions, premeu l&#8217;opci\u00f3 <em>Mostra opcions avan\u00e7ades.<\/em><\/li>\n<li>Aneu a <em>Privadesa<\/em>,<em> Configuraci\u00f3 de contingut.<\/em><\/li>\n<li>Seleccioneu <em>Totes les cookies i les dades de llocs.<\/em><\/li>\n<li>Apareixer\u00e0 un llistat amb totes les cookies ordenades per domini. Perqu\u00e8 us sigui m\u00e9s f\u00e0cil trobar les cookies d&#8217;un determinat domini introdu\u00efu parcialment o totalment l&#8217;adre\u00e7a al camp <em>Cercar cookies<\/em>.<\/li>\n<li>Despr\u00e9s de realitzar aquest filtre apareixeran en pantalla una o diverses l\u00ednies amb les cookies del web sol\u00b7licitat. Ara nom\u00e9s heu de seleccionar-la i pr\u00e9mer la X per procedir a la seva eliminaci\u00f3.<\/li>\n<\/ol>\n<p>Per accedir a la configuraci\u00f3 de cookies del navegador <strong>Internet Explorer<\/strong> seguiu aquests passos (poden variar en funci\u00f3 de la versi\u00f3 del navegador):<\/p>\n<ol>\n<li>Aneu a<em> Eines, Opcions d&#8217;Internet<\/em><\/li>\n<li>Feu clic a <em>Privadesa.<\/em><\/li>\n<li>Moveu el bot\u00f3 lliscant fins a ajustar el nivell de privadesa que vulgueu.<\/li>\n<\/ol>\n<p>Per accedir a la configuraci\u00f3 de cookies del navegador <strong>Firefox<\/strong> seguiu aquests passos (poden variar en funci\u00f3 de la versi\u00f3 del navegador):<\/p>\n<ol>\n<li>Aneu a <em>Opcions<\/em> o <em>Prefer\u00e8ncies<\/em> segons el vostre sistema operatiu.<\/li>\n<li>Feu clic a <em>Privadesa.<\/em><\/li>\n<li>A<em> Historial<\/em> trieu <em>Usa una configuraci\u00f3 personalitzada per a l&#8217;historial.<\/em><\/li>\n<li>Ara veureu l&#8217;opci\u00f3 <em>Acceptar cookies<\/em>, podeu activar-la o desactivar-la segons les vostres prefer\u00e8ncies.<\/li>\n<\/ol>\n<p>Per accedir a la configuraci\u00f3 de cookies del navegador <strong>Safari per a OSX <\/strong>seguiu aquests passos (poden variar en funci\u00f3 de la versi\u00f3 del navegador):<\/p>\n<ol>\n<li>Aneu a<em> Prefer\u00e8ncies<\/em>, despr\u00e9s a<em> Privadesa<\/em>.<\/li>\n<li>En aquest lloc veureu l&#8217;opci\u00f3<em> Bloquejar cookies<\/em> perqu\u00e8 ajusti el tipus de bloqueig que voleu realitzar.<\/li>\n<\/ol>\n<p>Per accedir a la configuraci\u00f3 de cookies del navegador <strong>Safari per a iOS<\/strong> seguiu aquests passos (poden variar en funci\u00f3 de la versi\u00f3 del navegador):<\/p>\n<ol>\n<li>Aneu a Ajustos, despr\u00e9s Safari.<\/li>\n<\/ol>\n<p>Aneu a<em> Privadesa i Seguretat<\/em>, veureu l&#8217;opci\u00f3 <em>Bloquejar cookies<\/em> perqu\u00e8 ajusti el tipus de bloqueig que voleu realitzar.<\/p>\n<p>Per accedir a la configuraci\u00f3 de <em>cookies<\/em> del navegador per a dispositius <strong>Android<\/strong> seguiu aquests passos (poden variar en funci\u00f3 de la versi\u00f3 del navegador):<\/p>\n<ol>\n<li>Executeu el navegador i premeu la tecla <em>Men\u00fa<\/em>, despr\u00e9s <em>Configuraci\u00f3.<\/em><\/li>\n<li>Aneu a <em>Seguretat i Privadesa<\/em>, veureu l&#8217;opci\u00f3 <em>Acceptar cookies<\/em> perqu\u00e8 activeu o desactiveu la casella.<\/li>\n<\/ol>\n<p>Per accedir a la configuraci\u00f3 de cookies del navegador per a dispositius <strong>Windows Phone<\/strong> seguiu aquests passos (poden variar en funci\u00f3 de la versi\u00f3 del navegador):<\/p>\n<ol>\n<li>Obriu<em> Internet Explorer,<\/em> despr\u00e9s <em>M\u00e9s<\/em>, despr\u00e9s <em>Configuraci\u00f3<\/em><\/li>\n<li>Ara podeu activar o desactivar la casella <em>Permetre cookies.<\/em><\/li>\n<\/ol>\n<p>L\u2019Assessor de Cookies \u00e9s un <a href=\"https:\/\/wordpress.org\/plugins\/asesor-cookies-para-la-ley-en-espana\/\" target=\"_blank\" rel=\"noopener\">plugin per a WordPress<\/a><\/p>\n","protected":false},"excerpt":{"rendered":"<p>Qu\u00e8 \u00e9s una cookie (galeta)? Una cookie \u00e9s un fitxer de text inofensiu que s&#8217;emmagatzema al navegador quan visita gaireb\u00e9 qualsevol p\u00e0gina web. La utilitat de la cookie \u00e9s que la web sigui capa\u00e7 de recordar la vostra visita quan torneu a navegar per aquesta p\u00e0gina. Encara que molta gent no ho sap, les galetes [&hellip;]<\/p>\n","protected":false},"author":1,"featured_media":0,"parent":0,"menu_order":0,"comment_status":"closed","ping_status":"closed","template":"","meta":{"_et_pb_use_builder":"","_et_pb_old_content":"","_et_gb_content_width":"","footnotes":""},"class_list":["post-3675","page","type-page","status-publish","hentry"],"_links":{"self":[{"href":"https:\/\/editorialmondigromax.com\/ca\/wp-json\/wp\/v2\/pages\/3675","targetHints":{"allow":["GET"]}}],"collection":[{"href":"https:\/\/editorialmondigromax.com\/ca\/wp-json\/wp\/v2\/pages"}],"about":[{"href":"https:\/\/editorialmondigromax.com\/ca\/wp-json\/wp\/v2\/types\/page"}],"author":[{"embeddable":true,"href":"https:\/\/editorialmondigromax.com\/ca\/wp-json\/wp\/v2\/users\/1"}],"replies":[{"embeddable":true,"href":"https:\/\/editorialmondigromax.com\/ca\/wp-json\/wp\/v2\/comments?post=3675"}],"version-history":[{"count":0,"href":"https:\/\/editorialmondigromax.com\/ca\/wp-json\/wp\/v2\/pages\/3675\/revisions"}],"wp:attachment":[{"href":"https:\/\/editorialmondigromax.com\/ca\/wp-json\/wp\/v2\/media?parent=3675"}],"curies":[{"name":"wp","href":"https:\/\/api.w.org\/{rel}","templated":true}]}}