{"id":4158,"date":"2023-07-07T15:26:48","date_gmt":"2023-07-07T13:26:48","guid":{"rendered":"https:\/\/editorialmondigromax.com\/look-sweetie-links\/"},"modified":"2023-10-09T13:33:17","modified_gmt":"2023-10-09T11:33:17","slug":"look-sweetie-links","status":"publish","type":"page","link":"https:\/\/editorialmondigromax.com\/ca\/look-sweetie-links\/","title":{"rendered":"Look, sweetie-Links"},"content":{"rendered":"<p>[et_pb_section fb_built=&#8221;1&#8243; _builder_version=&#8221;4.16&#8243; custom_padding=&#8221;0px||0px||false|false&#8221; global_colors_info=&#8221;{}&#8221;][et_pb_row column_structure=&#8221;1_2,1_2&#8243; make_equal=&#8221;on&#8221; custom_padding_last_edited=&#8221;on|phone&#8221; _builder_version=&#8221;4.21.0&#8243; background_size=&#8221;contain&#8221; custom_padding=&#8221;75px||75px||false|false&#8221; custom_padding_tablet=&#8221;&#8221; custom_padding_phone=&#8221;||75px||false|false&#8221; global_colors_info=&#8221;{}&#8221;][et_pb_column type=&#8221;1_2&#8243; _builder_version=&#8221;4.16&#8243; global_colors_info=&#8221;{}&#8221;][et_pb_text _builder_version=&#8221;4.22.1&#8243; text_font=&#8221;|700||on|||||&#8221; text_text_color=&#8221;#a38b49&#8243; text_font_size=&#8221;13px&#8221; text_letter_spacing=&#8221;4px&#8221; background_color=&#8221;#000000&#8243; custom_margin=&#8221;||0px||false|false&#8221; custom_padding=&#8221;2px|10px|2px|10px|false|true&#8221; hover_enabled=&#8221;0&#8243; custom_css_main_element=&#8221;width: fit-content;&#8221; global_colors_info=&#8221;{}&#8221; sticky_enabled=&#8221;0&#8243;]<\/p>\n<p>Obres<\/p>\n<p>[\/et_pb_text][et_pb_text _builder_version=&#8221;4.22.1&#8243; header_2_font_size=&#8221;48px&#8221; header_3_font_size=&#8221;27px&#8221; global_colors_info=&#8221;{}&#8221;]<\/p>\n<h3>LOOK, SWEETIE &#8211; Raquel Garc\u00eda-Tom\u00e1s<\/h3>\n<p>[\/et_pb_text][et_pb_text _builder_version=&#8221;4.22.1&#8243; custom_margin=&#8221;||20px||false|false&#8221; global_colors_info=&#8221;{}&#8221;]<\/p>\n<p><strong>M\u00fasica i v\u00eddeo:<\/strong><span>\u00a0Raquel Garc\u00eda-Tom\u00e1s<\/span><br \/><strong>Instruments:<\/strong><span>\u00a0per a septet, (Flauta, Clarinet en Bb, Saxo Alt, Percussi\u00f3 -Vibr\u00e0fon, Tambor de caixa, Crotals (2 octaves), Piano, Viol\u00ed i Cello), electr\u00f2nica pre-gravada i v\u00eddeo<\/span><br \/><strong>Any de composici\u00f3:<\/strong><span>\u00a02019, revisada 2023<\/span><br \/><strong>Categoria:<\/strong><span>\u00a0m\u00fasica i v\u00eddeo<\/span><br \/><strong>Durada:<\/strong><span>\u00a014,27 min.<\/span><br \/><strong>Editorial<\/strong><span>\u00a0Mondigromax<\/span><br \/><strong>Enc\u00e0rrec: <\/strong>Sociedad Fil\u00e1rmonica de Badajoz<span> amb els ajuts de l\u2019INAEM 2019<\/span><br \/><strong>Dedicat\u00f2ria:<\/strong><span>\u00a0dedicada a la Sociedad Fil\u00e1rmonica de Badajoz<\/span><br \/><strong>Estrena mundial:<\/strong><span>\u00a09 de novembre de 2019 en el marc del XI Cicle de M\u00fasica Actual de Badajoz (Auditori de la Torre Segle XXI) || CNDM 19\/20 per l\u2019Ensemble Sonido Extremo. Director: Jordi Franc\u00e9s<\/span><br \/><strong>Partitura:\u00a0<\/strong><span>pdf 44 p\u00e0g.*<\/span><br \/><strong>ISMN:<\/strong><span>\u00a0979-0-9018965-9-8<\/span><br \/><span>*Materials proporcionats: V\u00eddeo \u2013que cont\u00e9 l\u2019electr\u00f2nica pregravada (est\u00e8reo)\u2013, Click pista (mono), partitura i parts. (Les parts en lloguer)<\/span><\/p>\n<p>[\/et_pb_text][\/et_pb_column][et_pb_column type=&#8221;1_2&#8243; _builder_version=&#8221;4.21.0&#8243; background_image=&#8221;https:\/\/editorialmondigromax.com\/wp-content\/uploads\/2023\/07\/LookSweetie_GarciaTomas.jpg&#8221; background_size=&#8221;contain&#8221; global_colors_info=&#8221;{}&#8221;][et_pb_divider show_divider=&#8221;off&#8221; _builder_version=&#8221;4.16&#8243; custom_padding_tablet=&#8221;125px||125px||true|false&#8221; custom_padding_phone=&#8221;&#8221; custom_padding_last_edited=&#8221;on|phone&#8221; global_colors_info=&#8221;{}&#8221;][\/et_pb_divider][\/et_pb_column][\/et_pb_row][\/et_pb_section][et_pb_section fb_built=&#8221;1&#8243; _builder_version=&#8221;4.16&#8243; custom_padding=&#8221;0px|||||&#8221; global_colors_info=&#8221;{}&#8221;][et_pb_row column_structure=&#8221;1_3,1_3,1_3&#8243; _builder_version=&#8221;4.17.4&#8243; _module_preset=&#8221;default&#8221; global_colors_info=&#8221;{}&#8221;][et_pb_column type=&#8221;1_3&#8243; _builder_version=&#8221;4.17.4&#8243; _module_preset=&#8221;default&#8221; global_colors_info=&#8221;{}&#8221;][et_pb_button button_url=&#8221; https:\/\/editorialmondigromax.com\/ca\/formulari-lloguer-obra\/&#8221; button_text=&#8221;Lloguer material de l&#8217;obra&#8221; button_alignment=&#8221;center&#8221; _builder_version=&#8221;4.22.1&#8243; _module_preset=&#8221;default&#8221; custom_button=&#8221;on&#8221; button_text_color=&#8221;#9A8A33&#8243; button_bg_color=&#8221;#FFFFFF&#8221; button_border_radius=&#8221;20px&#8221; button_letter_spacing=&#8221;2px&#8221; hover_enabled=&#8221;0&#8243; global_colors_info=&#8221;{}&#8221; button_text_color__hover_enabled=&#8221;on|desktop&#8221; button_text_color__hover=&#8221;#000000&#8243; button_bg_color__hover_enabled=&#8221;on|hover&#8221; button_bg_color__hover=&#8221;#C7C79B&#8221; button_bg_enable_color__hover=&#8221;on&#8221; sticky_enabled=&#8221;0&#8243;][\/et_pb_button][\/et_pb_column][et_pb_column type=&#8221;1_3&#8243; _builder_version=&#8221;4.17.4&#8243; _module_preset=&#8221;default&#8221; global_colors_info=&#8221;{}&#8221;][et_pb_button button_url=&#8221;https:\/\/editorialmondigromax.com\/ca\/formulari-sollicitud-llicencia\/&#8221; button_text=&#8221;Sol\u00b7licitud llic\u00e8ncia&#8221; button_alignment=&#8221;center&#8221; _builder_version=&#8221;4.22.1&#8243; _module_preset=&#8221;default&#8221; custom_button=&#8221;on&#8221; button_text_color=&#8221;#9A8A33&#8243; button_bg_color=&#8221;#FFFFFF&#8221; button_border_radius=&#8221;20px&#8221; button_letter_spacing=&#8221;2px&#8221; hover_enabled=&#8221;0&#8243; global_colors_info=&#8221;{}&#8221; button_text_color__hover_enabled=&#8221;on|desktop&#8221; button_text_color__hover=&#8221;#000000&#8243; button_bg_color__hover_enabled=&#8221;on|hover&#8221; button_bg_color__hover=&#8221;#C7C79B&#8221; button_bg_enable_color__hover=&#8221;on&#8221; sticky_enabled=&#8221;0&#8243;][\/et_pb_button][\/et_pb_column][et_pb_column type=&#8221;1_3&#8243; _builder_version=&#8221;4.17.4&#8243; _module_preset=&#8221;default&#8221; global_colors_info=&#8221;{}&#8221;][et_pb_button button_url=&#8221;https:\/\/editorialmondigromax.com\/ca\/producte\/look-sweetie-i-found-my-old-projector-and-a-bunch-of-movies\/&#8221; button_text=&#8221;Comprar a la botiga&#8221; button_alignment=&#8221;center&#8221; _builder_version=&#8221;4.22.1&#8243; _module_preset=&#8221;default&#8221; custom_button=&#8221;on&#8221; button_text_color=&#8221;#9A8A33&#8243; button_bg_color=&#8221;#FFFFFF&#8221; button_border_radius=&#8221;20px&#8221; button_letter_spacing=&#8221;2px&#8221; hover_enabled=&#8221;0&#8243; global_colors_info=&#8221;{}&#8221; button_text_color__hover_enabled=&#8221;on|desktop&#8221; button_text_color__hover=&#8221;#000000&#8243; button_bg_color__hover_enabled=&#8221;on|hover&#8221; button_bg_color__hover=&#8221;#C7C79B&#8221; button_bg_enable_color__hover=&#8221;on&#8221; sticky_enabled=&#8221;0&#8243;][\/et_pb_button][\/et_pb_column][\/et_pb_row][\/et_pb_section]<\/p>\n","protected":false},"excerpt":{"rendered":"<p>ObresLOOK, SWEETIE &#8211; Raquel Garc\u00eda-Tom\u00e1sM\u00fasica i v\u00eddeo:\u00a0Raquel Garc\u00eda-Tom\u00e1sInstruments:\u00a0per a septet, (Flauta, Clarinet en Bb, Saxo Alt, Percussi\u00f3 -Vibr\u00e0fon, Tambor de caixa, Crotals (2 octaves), Piano, Viol\u00ed i Cello), electr\u00f2nica pre-gravada i v\u00eddeoAny de composici\u00f3:\u00a02019, revisada 2023Categoria:\u00a0m\u00fasica i v\u00eddeoDurada:\u00a014,27 min.Editorial\u00a0MondigromaxEnc\u00e0rrec: Sociedad Fil\u00e1rmonica de Badajoz amb els ajuts de l\u2019INAEM 2019Dedicat\u00f2ria:\u00a0dedicada a la Sociedad Fil\u00e1rmonica de BadajozEstrena [&hellip;]<\/p>\n","protected":false},"author":6,"featured_media":0,"parent":0,"menu_order":0,"comment_status":"closed","ping_status":"closed","template":"","meta":{"_et_pb_use_builder":"on","_et_pb_old_content":"","_et_gb_content_width":"","footnotes":""},"class_list":["post-4158","page","type-page","status-publish","hentry"],"_links":{"self":[{"href":"https:\/\/editorialmondigromax.com\/ca\/wp-json\/wp\/v2\/pages\/4158","targetHints":{"allow":["GET"]}}],"collection":[{"href":"https:\/\/editorialmondigromax.com\/ca\/wp-json\/wp\/v2\/pages"}],"about":[{"href":"https:\/\/editorialmondigromax.com\/ca\/wp-json\/wp\/v2\/types\/page"}],"author":[{"embeddable":true,"href":"https:\/\/editorialmondigromax.com\/ca\/wp-json\/wp\/v2\/users\/6"}],"replies":[{"embeddable":true,"href":"https:\/\/editorialmondigromax.com\/ca\/wp-json\/wp\/v2\/comments?post=4158"}],"version-history":[{"count":0,"href":"https:\/\/editorialmondigromax.com\/ca\/wp-json\/wp\/v2\/pages\/4158\/revisions"}],"wp:attachment":[{"href":"https:\/\/editorialmondigromax.com\/ca\/wp-json\/wp\/v2\/media?parent=4158"}],"curies":[{"name":"wp","href":"https:\/\/api.w.org\/{rel}","templated":true}]}}