{"id":4534,"date":"2023-12-04T14:30:03","date_gmt":"2023-12-04T13:30:03","guid":{"rendered":"https:\/\/editorialmondigromax.com\/tiempo-suspendido-estudio-sonomecanico-no1-alternative-version-1-links\/"},"modified":"2023-12-04T15:27:47","modified_gmt":"2023-12-04T14:27:47","slug":"tiempo-suspendido-estudio-sonomecanico-no1-alternative-version-1-links","status":"publish","type":"page","link":"https:\/\/editorialmondigromax.com\/ca\/tiempo-suspendido-estudio-sonomecanico-no1-alternative-version-1-links\/","title":{"rendered":"TIEMPO SUSPENDIDO &#8211; Estudio Sonomec\u00e1nico n\u00ba1. &#8211; (alternative version 1)-LINKS"},"content":{"rendered":"<p>[et_pb_section fb_built=&#8221;1&#8243; _builder_version=&#8221;4.22.1&#8243; custom_padding=&#8221;0px||0px||false|false&#8221; global_colors_info=&#8221;{}&#8221;][et_pb_row column_structure=&#8221;1_2,1_2&#8243; make_equal=&#8221;on&#8221; custom_padding_last_edited=&#8221;on|phone&#8221; _builder_version=&#8221;4.22.1&#8243; background_size=&#8221;contain&#8221; custom_padding=&#8221;75px||75px||true|false&#8221; custom_padding_tablet=&#8221;&#8221; custom_padding_phone=&#8221;||75px||false|false&#8221; hover_enabled=&#8221;0&#8243; global_colors_info=&#8221;{}&#8221; sticky_enabled=&#8221;0&#8243;][et_pb_column type=&#8221;1_2&#8243; _builder_version=&#8221;4.22.1&#8243; global_colors_info=&#8221;{}&#8221;][et_pb_text _builder_version=&#8221;4.22.1&#8243; text_font=&#8221;|700||on|||||&#8221; text_text_color=&#8221;#a38b49&#8243; text_font_size=&#8221;13px&#8221; text_letter_spacing=&#8221;4px&#8221; background_color=&#8221;#000000&#8243; custom_margin=&#8221;||0px||false|false&#8221; custom_padding=&#8221;2px|10px|2px|10px|false|true&#8221; custom_css_main_element=&#8221;width: fit-content;&#8221; global_colors_info=&#8221;{}&#8221;]<\/p>\n<p>Obres<\/p>\n<p>[\/et_pb_text][et_pb_text _builder_version=&#8221;4.22.1&#8243; header_2_font_size=&#8221;48px&#8221; header_3_font_size=&#8221;27px&#8221; global_colors_info=&#8221;{}&#8221;]<\/p>\n<h3>TIEMPO SUSPENDIDO. Estudio Sonomec\u00e1nico n\u00ba1 (alternative version) -Raquel Garc\u00eda-Tom\u00e1s<\/h3>\n<p>[\/et_pb_text][et_pb_text _builder_version=&#8221;4.22.1&#8243; custom_margin=&#8221;||20px||false|false&#8221; hover_enabled=&#8221;0&#8243; global_colors_info=&#8221;{}&#8221; sticky_enabled=&#8221;0&#8243;]<\/p>\n<p style=\"margin: 0cm;\"><b>T\u00edtol:<\/b> TIEMPO SUSPENDIDO &#8211; Estudio Sonomec\u00e1nico n\u00ba1. &#8211; (alternative version 1)<br \/><b style=\"font-size: 16px;\">M\u00fasica i v\u00eddeo-creaci\u00f3:<\/b><span style=\"font-size: 16px;\"> Raquel Garc\u00eda-Tom\u00e1s<br \/><\/span><b style=\"font-size: 16px;\">G\u00e8nere:<\/b><span style=\"font-size: 16px;\"> Nonet, electr\u00f2nica pre-gravada i v\u00eddeo<br \/><\/span><b style=\"font-size: 16px;\">Any de composici\u00f3:<\/b><span style=\"font-size: 16px;\"> el 2018 es va compondre l&#8217;obra original i el 2023 la versi\u00f3 alternativa on canvia la instrumentaci\u00f3.<br \/><\/span><b style=\"font-size: 16px;\">Categoria: <\/b><span style=\"font-size: 16px;\">Cambra<br \/><\/span><b style=\"font-size: 16px;\">Instrumentaci\u00f3:<\/b><span style=\"font-size: 16px;\"> Flauta, Clarinet, Trompeta, Tromb\u00f3, 2 Percussionistes, Piano, Viol\u00ed, Violoncel, Electr\u00f2nica i V\u00eddeo.<br \/><\/span><b style=\"font-size: 16px;\">Durada:<\/b><span style=\"font-size: 16px;\"> 7&#8217;14 min.<br \/><\/span><b style=\"font-size: 16px;\">Editorial<\/b><span style=\"font-size: 16px;\"><strong> Mondigromax<\/strong><br \/><\/span><b style=\"font-size: 16px;\">Estrena mundial: <\/b><span style=\"font-size: 16px;\">el 2 d&#8217;octubre de 2023 a DOX Centre for Contemporary Art, Praga (Rep\u00fablica Txeca), per la BERG Orchestra, Director: Peter Vr\u00e1bel<br \/><\/span><b>Partitura:<\/b> pdf 45 p\u00e0gs.<br \/><b style=\"font-size: 16px;\">ISMN:<\/b><span style=\"font-size: 16px;\"> 979-0-9018993-2-2<\/span><\/p>\n<p style=\"margin: 0cm;\"><o:p><\/o:p><\/p>\n<p style=\"margin: 0cm;\"><o:p><\/o:p><\/p>\n<p style=\"margin: 0cm;\"><o:p><\/o:p><\/p>\n<p style=\"margin: 0cm;\"><o:p><\/o:p><\/p>\n<p style=\"margin: 0cm;\"><o:p><\/o:p><\/p>\n<p style=\"margin: 0cm;\"><o:p><\/o:p><\/p>\n<p style=\"margin: 0cm;\"><o:p><\/o:p><\/p>\n<p style=\"margin: 0cm;\"><o:p><\/o:p><\/p>\n<p style=\"margin: 0cm;\"><o:p>\u00a0<\/o:p><\/p>\n<p>[\/et_pb_text][\/et_pb_column][et_pb_column type=&#8221;1_2&#8243; _builder_version=&#8221;4.22.1&#8243; background_image=&#8221;https:\/\/editorialmondigromax.com\/wp-content\/uploads\/2023\/12\/TiempoSuspendido-AltVersion-Parts_catala_superdef.png&#8221; background_size=&#8221;contain&#8221; hover_enabled=&#8221;0&#8243; global_colors_info=&#8221;{}&#8221; title_text=&#8221;TiempoSuspendido-AltVersion &#8211; Parts_catal\u00e0_superdef&#8221; sticky_enabled=&#8221;0&#8243;][\/et_pb_column][\/et_pb_row][\/et_pb_section][et_pb_section fb_built=&#8221;1&#8243; _builder_version=&#8221;4.16&#8243; custom_padding=&#8221;0px|||||&#8221; global_colors_info=&#8221;{}&#8221;][et_pb_row column_structure=&#8221;1_3,1_3,1_3&#8243; _builder_version=&#8221;4.17.4&#8243; _module_preset=&#8221;default&#8221; global_colors_info=&#8221;{}&#8221;][et_pb_column type=&#8221;1_3&#8243; _builder_version=&#8221;4.17.4&#8243; _module_preset=&#8221;default&#8221; global_colors_info=&#8221;{}&#8221;][et_pb_button button_url=&#8221;https:\/\/editorialmondigromax.com\/ca\/formulari-lloguer-obra\/&#8221; button_text=&#8221;Lloguer material de l&#8217;obra&#8221; button_alignment=&#8221;center&#8221; _builder_version=&#8221;4.22.1&#8243; _module_preset=&#8221;default&#8221; custom_button=&#8221;on&#8221; button_text_color=&#8221;#9A8A33&#8243; button_bg_color=&#8221;#FFFFFF&#8221; button_border_radius=&#8221;20px&#8221; button_letter_spacing=&#8221;2px&#8221; global_colors_info=&#8221;{}&#8221; button_text_color__hover_enabled=&#8221;on|desktop&#8221; button_text_color__hover=&#8221;#000000&#8243; button_bg_color__hover_enabled=&#8221;on|hover&#8221; button_bg_color__hover=&#8221;#C7C79B&#8221; button_bg_enable_color__hover=&#8221;on&#8221;][\/et_pb_button][\/et_pb_column][et_pb_column type=&#8221;1_3&#8243; _builder_version=&#8221;4.17.4&#8243; _module_preset=&#8221;default&#8221; global_colors_info=&#8221;{}&#8221;][et_pb_button button_url=&#8221;https:\/\/editorialmondigromax.com\/ca\/formulari-sollicitud-llicencia\/&#8221; button_text=&#8221;Sol\u00b7licitud Llic\u00e8ncia&#8221; button_alignment=&#8221;center&#8221; _builder_version=&#8221;4.22.1&#8243; _module_preset=&#8221;default&#8221; custom_button=&#8221;on&#8221; button_text_color=&#8221;#9A8A33&#8243; button_bg_color=&#8221;#FFFFFF&#8221; button_border_radius=&#8221;20px&#8221; button_letter_spacing=&#8221;2px&#8221; global_colors_info=&#8221;{}&#8221; button_text_color__hover_enabled=&#8221;on|desktop&#8221; button_text_color__hover=&#8221;#000000&#8243; button_bg_color__hover_enabled=&#8221;on|hover&#8221; button_bg_color__hover=&#8221;#C7C79B&#8221; button_bg_enable_color__hover=&#8221;on&#8221;][\/et_pb_button][\/et_pb_column][et_pb_column type=&#8221;1_3&#8243; _builder_version=&#8221;4.17.4&#8243; _module_preset=&#8221;default&#8221; global_colors_info=&#8221;{}&#8221;][et_pb_button button_url=&#8221;https:\/\/editorialmondigromax.com\/ca\/producte\/tiempo-suspendido-estudio-sonomecanico-no1-alternative-version-1-raquel-garcia-tomas\/&#8221; button_text=&#8221;Comprar a la botiga&#8221; button_alignment=&#8221;center&#8221; _builder_version=&#8221;4.22.1&#8243; _module_preset=&#8221;default&#8221; custom_button=&#8221;on&#8221; button_text_color=&#8221;#9A8A33&#8243; button_bg_color=&#8221;#FFFFFF&#8221; button_border_radius=&#8221;20px&#8221; button_letter_spacing=&#8221;2px&#8221; hover_enabled=&#8221;0&#8243; global_colors_info=&#8221;{}&#8221; button_text_color__hover_enabled=&#8221;on|desktop&#8221; button_text_color__hover=&#8221;#000000&#8243; button_bg_color__hover_enabled=&#8221;on|hover&#8221; button_bg_color__hover=&#8221;#C7C79B&#8221; button_bg_enable_color__hover=&#8221;on&#8221; sticky_enabled=&#8221;0&#8243;][\/et_pb_button][\/et_pb_column][\/et_pb_row][\/et_pb_section]<\/p>\n","protected":false},"excerpt":{"rendered":"<p>ObresTIEMPO SUSPENDIDO. Estudio Sonomec\u00e1nico n\u00ba1 (alternative version) -Raquel Garc\u00eda-Tom\u00e1sT\u00edtol: TIEMPO SUSPENDIDO &#8211; Estudio Sonomec\u00e1nico n\u00ba1. &#8211; (alternative version 1)M\u00fasica i v\u00eddeo-creaci\u00f3: Raquel Garc\u00eda-Tom\u00e1sG\u00e8nere: Nonet, electr\u00f2nica pre-gravada i v\u00eddeoAny de composici\u00f3: el 2018 es va compondre l&#8217;obra original i el 2023 la versi\u00f3 alternativa on canvia la instrumentaci\u00f3.Categoria: CambraInstrumentaci\u00f3: Flauta, Clarinet, Trompeta, Tromb\u00f3, 2 Percussionistes, Piano, [&hellip;]<\/p>\n","protected":false},"author":1,"featured_media":0,"parent":0,"menu_order":0,"comment_status":"closed","ping_status":"closed","template":"","meta":{"_et_pb_use_builder":"on","_et_pb_old_content":"","_et_gb_content_width":"","footnotes":""},"class_list":["post-4534","page","type-page","status-publish","hentry"],"_links":{"self":[{"href":"https:\/\/editorialmondigromax.com\/ca\/wp-json\/wp\/v2\/pages\/4534","targetHints":{"allow":["GET"]}}],"collection":[{"href":"https:\/\/editorialmondigromax.com\/ca\/wp-json\/wp\/v2\/pages"}],"about":[{"href":"https:\/\/editorialmondigromax.com\/ca\/wp-json\/wp\/v2\/types\/page"}],"author":[{"embeddable":true,"href":"https:\/\/editorialmondigromax.com\/ca\/wp-json\/wp\/v2\/users\/1"}],"replies":[{"embeddable":true,"href":"https:\/\/editorialmondigromax.com\/ca\/wp-json\/wp\/v2\/comments?post=4534"}],"version-history":[{"count":0,"href":"https:\/\/editorialmondigromax.com\/ca\/wp-json\/wp\/v2\/pages\/4534\/revisions"}],"wp:attachment":[{"href":"https:\/\/editorialmondigromax.com\/ca\/wp-json\/wp\/v2\/media?parent=4534"}],"curies":[{"name":"wp","href":"https:\/\/api.w.org\/{rel}","templated":true}]}}