{"id":3038,"date":"2022-09-08T18:08:40","date_gmt":"2022-09-08T16:08:40","guid":{"rendered":"https:\/\/editorialmondigromax.com\/producto\/vorac-bellesa-lucas-peire\/"},"modified":"2023-10-05T18:22:38","modified_gmt":"2023-10-05T16:22:38","slug":"vorac-bellesa-lucas-peire","status":"publish","type":"product","link":"https:\/\/editorialmondigromax.com\/ca\/producte\/vorac-bellesa-lucas-peire\/","title":{"rendered":"VORA\u00c7 BELLESA. Lucas Peire"},"content":{"rendered":"<p><strong>T\u00edtol:<\/strong> Vora\u00e7 bellesa<br \/>\n<strong>Llibret:<\/strong> Cristina Cordero<br \/>\n<strong>G\u00e8nere:<\/strong> monodrama<br \/>\n<strong>Instrument i veu:<\/strong> mezzo-soprano, violoncel i electr\u00f2nica<br \/>\n<strong>Any de composici\u00f3:<\/strong> 2020<br \/>\n<strong>Categoria:<\/strong> \u00f2pera de cambra<br \/>\n<strong>Durada:<\/strong> 18 min.<br \/>\n<strong>Llengua:<\/strong> catal\u00e0<br \/>\n<strong>Editorial<\/strong> Mondigromax<br \/>\n<strong>Enc\u00e0rrec:<\/strong> \u00d2pera de Butxaca i Nova Creaci\u00f3 i Gran Teatre del Liceu de Barcelona<br \/>\n<strong>Estrena mundial:<\/strong> Vora\u00e7 bellesa forma part del projecte d&#8217;\u00d2BNC <strong><em>Sis Solos Soles<\/em> <\/strong>i havia d&#8217;estrenar-se l&#8217;1 de novembre de 2020 al Gran Teatre del Liceu de Barcelona per\u00f2 va ser cancel\u00b7lat per la pand\u00e8mia. Es va poder veure en streaming des de la web del Liceu, del 15 al 21 de novembre del 2020: 12.000 visionats. L&#8217;estrena presencial va tenir lloc el 12 de juliol de 2023 als jardins de l&#8217;Ateneu Barcelon\u00e8s, en el marc del Festival Grec&#8217;23, amb <strong>Marta Fiol<\/strong>, mezzo-soprano i <strong>\u00c0lex Rodr\u00edguez Flaqu\u00e9<\/strong> (cello), director musical, <strong>Francesc Prat<\/strong>.<br \/>\n<strong>Partitura:<\/strong> pdf 20 p\u00e0g.<br \/>\n<strong>ISMN: <\/strong>979-0-9018965-0-5<\/p>\n<p>&nbsp;<\/p>\n<p>M\u00e9s informaci\u00f3 sobre <strong>Vora\u00e7 bellesa<\/strong> a la web de Mondigromax. <a href=\"https:\/\/www.mondigromax.com\/es\/vorac-bellesa-4\/\" target=\"_blank\" rel=\"noopener\">Seguiu aquest enlla\u00e7.<\/a><\/p>\n","protected":false},"excerpt":{"rendered":"<p>\u00d2pera de cambra per a mezzo-soprano, violocel i electr\u00f2nica<\/p>\n","protected":false},"featured_media":4004,"comment_status":"open","ping_status":"closed","template":"","meta":{"_et_pb_use_builder":"","_et_pb_old_content":"","_et_gb_content_width":""},"product_brand":[],"product_cat":[176,180],"product_tag":[],"class_list":{"0":"post-3038","1":"product","2":"type-product","3":"status-publish","4":"has-post-thumbnail","6":"product_cat-cambra","7":"product_cat-opera-ca","9":"first","10":"instock","11":"downloadable","12":"taxable","13":"shipping-taxable","14":"purchasable","15":"product-type-simple"},"_links":{"self":[{"href":"https:\/\/editorialmondigromax.com\/ca\/wp-json\/wp\/v2\/product\/3038","targetHints":{"allow":["GET"]}}],"collection":[{"href":"https:\/\/editorialmondigromax.com\/ca\/wp-json\/wp\/v2\/product"}],"about":[{"href":"https:\/\/editorialmondigromax.com\/ca\/wp-json\/wp\/v2\/types\/product"}],"replies":[{"embeddable":true,"href":"https:\/\/editorialmondigromax.com\/ca\/wp-json\/wp\/v2\/comments?post=3038"}],"wp:featuredmedia":[{"embeddable":true,"href":"https:\/\/editorialmondigromax.com\/ca\/wp-json\/wp\/v2\/media\/4004"}],"wp:attachment":[{"href":"https:\/\/editorialmondigromax.com\/ca\/wp-json\/wp\/v2\/media?parent=3038"}],"wp:term":[{"taxonomy":"product_brand","embeddable":true,"href":"https:\/\/editorialmondigromax.com\/ca\/wp-json\/wp\/v2\/product_brand?post=3038"},{"taxonomy":"product_cat","embeddable":true,"href":"https:\/\/editorialmondigromax.com\/ca\/wp-json\/wp\/v2\/product_cat?post=3038"},{"taxonomy":"product_tag","embeddable":true,"href":"https:\/\/editorialmondigromax.com\/ca\/wp-json\/wp\/v2\/product_tag?post=3038"}],"curies":[{"name":"wp","href":"https:\/\/api.w.org\/{rel}","templated":true}]}}