{"id":3051,"date":"2022-09-12T13:01:22","date_gmt":"2022-09-12T11:01:22","guid":{"rendered":"https:\/\/editorialmondigromax.com\/producto\/juana-enric-palomar\/"},"modified":"2023-05-05T11:23:36","modified_gmt":"2023-05-05T09:23:36","slug":"juana-enric-palomar","status":"publish","type":"product","link":"https:\/\/editorialmondigromax.com\/ca\/producte\/juana-enric-palomar\/","title":{"rendered":"JUANA. Enric Palomar"},"content":{"rendered":"<p><strong>T\u00edtol:<\/strong> Juana<br \/>\n<strong>Idea i llibret:<\/strong> Rebecca Simpson<br \/>\nBasada en la vida de Joana I de Castella, anomenada \u00abla Boja\u00bb. S.XV<br \/>\n<strong>Categoria:<\/strong> \u00f2pera de cambra<br \/>\n<strong>Any de composici\u00f3:<\/strong> 2004-2005<br \/>\n<strong>Durada:<\/strong> 90 min.<br \/>\n<strong>Llengua:<\/strong> castell\u00e0<br \/>\n<strong>Revisi\u00f3 i correcci\u00f3 castell\u00e0 del llibret:<\/strong> Alfonso de Lucas<br \/>\n<strong>Editorial<\/strong> Mondigromax<br \/>\n<strong>Enc\u00e0rrec:<\/strong> Festival d\u2019\u00d2pera de Butxaca i Nova Creaci\u00f3<br \/>\n<strong>Estrena:<\/strong> 25 de juny de 2005 a l&#8217;\u00d2pera Halle (Alemanya)<br \/>\n<strong>Partitura:<\/strong> pdf 312 p\u00e0g. No disponible<br \/>\n<strong>ISMN:<\/strong> 979-0-9018965-6-7<\/p>\n","protected":false},"excerpt":{"rendered":"<p>\u00d2pera de cambra per a sis cantants i sis m\u00fasics<\/p>\n","protected":false},"featured_media":3052,"comment_status":"open","ping_status":"closed","template":"","meta":{"_et_pb_use_builder":"","_et_pb_old_content":"","_et_gb_content_width":""},"product_brand":[],"product_cat":[176,180],"product_tag":[],"class_list":{"0":"post-3051","1":"product","2":"type-product","3":"status-publish","4":"has-post-thumbnail","6":"product_cat-cambra","7":"product_cat-opera-ca","9":"first","10":"instock","11":"taxable","12":"shipping-taxable","13":"product-type-simple"},"_links":{"self":[{"href":"https:\/\/editorialmondigromax.com\/ca\/wp-json\/wp\/v2\/product\/3051","targetHints":{"allow":["GET"]}}],"collection":[{"href":"https:\/\/editorialmondigromax.com\/ca\/wp-json\/wp\/v2\/product"}],"about":[{"href":"https:\/\/editorialmondigromax.com\/ca\/wp-json\/wp\/v2\/types\/product"}],"replies":[{"embeddable":true,"href":"https:\/\/editorialmondigromax.com\/ca\/wp-json\/wp\/v2\/comments?post=3051"}],"wp:featuredmedia":[{"embeddable":true,"href":"https:\/\/editorialmondigromax.com\/ca\/wp-json\/wp\/v2\/media\/3052"}],"wp:attachment":[{"href":"https:\/\/editorialmondigromax.com\/ca\/wp-json\/wp\/v2\/media?parent=3051"}],"wp:term":[{"taxonomy":"product_brand","embeddable":true,"href":"https:\/\/editorialmondigromax.com\/ca\/wp-json\/wp\/v2\/product_brand?post=3051"},{"taxonomy":"product_cat","embeddable":true,"href":"https:\/\/editorialmondigromax.com\/ca\/wp-json\/wp\/v2\/product_cat?post=3051"},{"taxonomy":"product_tag","embeddable":true,"href":"https:\/\/editorialmondigromax.com\/ca\/wp-json\/wp\/v2\/product_tag?post=3051"}],"curies":[{"name":"wp","href":"https:\/\/api.w.org\/{rel}","templated":true}]}}