{"id":3128,"date":"2022-09-08T11:45:55","date_gmt":"2022-09-08T09:45:55","guid":{"rendered":"https:\/\/editorialmondigromax.com\/producto\/las-moiras-enric-palomar\/"},"modified":"2022-11-24T00:52:52","modified_gmt":"2022-11-23T23:52:52","slug":"las-moiras-enric-palomar","status":"publish","type":"product","link":"https:\/\/editorialmondigromax.com\/ca\/producte\/las-moiras-enric-palomar\/","title":{"rendered":"LAS MOIRAS. Enric Palomar"},"content":{"rendered":"<p><strong>T\u00edtol:<\/strong> Las Moiras<br \/><strong>G\u00e8nere:<\/strong> ballet \u2013 dansa flamenca<br \/><strong>Instrumentaci\u00f3:<\/strong> 2 Flautes, Obo\u00e8, Banya Angl\u00e8s, 2 Clarinets, 2 Fagots, 4 Trompes, 2 Trompetes en do, 2 Trombons, Tromb\u00f3 baix, Timpani, Percussi\u00f3 (2 executants), (caixa, 3 Toms toms, bombo, plat susp\u00e8s, Tam tam, Glockenspiel, Pandereta, Plats de m\u00e0), Violins 1, Violins 2, Violes, Violoncels, Contrabaixos<br \/><strong>Veu:<\/strong> Cor de veus blanques. Cantaor Flamenc<br \/><strong>Categoria:<\/strong> Orquestra<br \/><strong>Any de composici\u00f3:<\/strong> 2014<br \/><strong>Durada:<\/strong> 70 min.<br \/><strong>Editorial<\/strong> Mondigromax<br \/><strong>Enc\u00e0rrec:<\/strong> obra enc\u00e0rrec d&#8217;Entredos Ballet Espa\u00f1ol<br \/><strong>Dedicat:<\/strong> a Entredos Ballet Espa\u00f1ol<br \/><strong>Estrena:<\/strong> el 7 d&#8217;agost de 2015 al Teatre Rom\u00e0 Baelo Claudia de Tarifa (Cadis) per la companyia Entredos Ballet Espa\u00f1ol<br \/><strong>Partitura:<\/strong> pdf 180 p\u00e0g. No disponible<br \/><strong>ISMN:<\/strong> 979-0-9018961-5-4<\/p>\n","protected":false},"excerpt":{"rendered":"<p>Ballet en un acte<\/p>\n","protected":false},"featured_media":4249,"comment_status":"open","ping_status":"closed","template":"","meta":{"_et_pb_use_builder":"","_et_pb_old_content":"","_et_gb_content_width":""},"product_brand":[],"product_cat":[175,178],"product_tag":[246,206,265],"class_list":{"0":"post-3128","1":"product","2":"type-product","3":"status-publish","4":"has-post-thumbnail","6":"product_cat-ballet-ca","7":"product_cat-orquestra","8":"product_tag-corda","9":"product_tag-percussio","10":"product_tag-vent-ca","12":"first","13":"instock","14":"taxable","15":"shipping-taxable","16":"product-type-simple"},"_links":{"self":[{"href":"https:\/\/editorialmondigromax.com\/ca\/wp-json\/wp\/v2\/product\/3128","targetHints":{"allow":["GET"]}}],"collection":[{"href":"https:\/\/editorialmondigromax.com\/ca\/wp-json\/wp\/v2\/product"}],"about":[{"href":"https:\/\/editorialmondigromax.com\/ca\/wp-json\/wp\/v2\/types\/product"}],"replies":[{"embeddable":true,"href":"https:\/\/editorialmondigromax.com\/ca\/wp-json\/wp\/v2\/comments?post=3128"}],"wp:featuredmedia":[{"embeddable":true,"href":"https:\/\/editorialmondigromax.com\/ca\/wp-json\/wp\/v2\/media\/4249"}],"wp:attachment":[{"href":"https:\/\/editorialmondigromax.com\/ca\/wp-json\/wp\/v2\/media?parent=3128"}],"wp:term":[{"taxonomy":"product_brand","embeddable":true,"href":"https:\/\/editorialmondigromax.com\/ca\/wp-json\/wp\/v2\/product_brand?post=3128"},{"taxonomy":"product_cat","embeddable":true,"href":"https:\/\/editorialmondigromax.com\/ca\/wp-json\/wp\/v2\/product_cat?post=3128"},{"taxonomy":"product_tag","embeddable":true,"href":"https:\/\/editorialmondigromax.com\/ca\/wp-json\/wp\/v2\/product_tag?post=3128"}],"curies":[{"name":"wp","href":"https:\/\/api.w.org\/{rel}","templated":true}]}}