{"id":3166,"date":"2022-09-05T00:40:46","date_gmt":"2022-09-04T22:40:46","guid":{"rendered":"https:\/\/editorialmondigromax.com\/producto\/piano-concerto-enric-palomar\/"},"modified":"2023-12-24T00:49:46","modified_gmt":"2023-12-23T23:49:46","slug":"piano-concerto-enric-palomar","status":"publish","type":"product","link":"https:\/\/editorialmondigromax.com\/ca\/producte\/piano-concerto-enric-palomar\/","title":{"rendered":"PIANO  CONCERTO. Enric Palomar"},"content":{"rendered":"<p><strong>T\u00edtol:<\/strong> Piano Concerto<br \/>\n<strong>G\u00e8nere:<\/strong> obra simf\u00f2nica<br \/>\n<strong>Instrumentaci\u00f3:<\/strong> Piccolo, 2 Flautes, 2 Obo\u00e8s, Corn Angl\u00e8s, 2 Clarinets Bb, Clarinet baix, 2 Fagots, 4 Trompes, 3 Trompetes en C, 2 Trombons, Tromb\u00f3 baix, Tuba, Timpani, Percussi\u00f3 (3 executants), (caixa, 3 toms toms, bombo, plats suspesos, tam tam, triangle, glockenspiel) Arpa, Piano solista, Violins 1, Violines 2, Violes, Violoncels, Contrabaixos<br \/>\n<strong>Categoria:<\/strong> orquestra<br \/>\n<strong>Any de composici\u00f3:<\/strong> 2011<br \/>\n<strong>Durada:<\/strong> 25 min.<br \/>\n<strong>Editorial<\/strong> Mondigromax<br \/>\n<strong>Enc\u00e0rrec:<\/strong> Auditori de Barcelona i Fundaci\u00f3n Autor<br \/>\n<strong>Dedicat:<\/strong> a Iv\u00e1n Mart\u00edn<br \/>\n<strong>Estrena:<\/strong> A L\u2019Auditori de Barcelona l\u20191 de maig de 2011, Iv\u00e1n Mart\u00edn, piano; direcci\u00f3: Josep Caball\u00e9 Domenech, Orquestra Simf\u00f2nica de Barcelona i Nacional de Catalunya<br \/>\n<strong>Partitura:<\/strong> pdf 140 p\u00e0g. No disponible<br \/>\n<strong>ISMN:<\/strong> 979-0-9018961-3-0<\/p>\n<p>M\u00e9s informaci\u00f3 sobre <strong>Piano Concerto<\/strong> a la web de Mondigromax. <a href=\"https:\/\/www.mondigromax.com\/es\/piano-concerto-4\/\" target=\"_blank\" rel=\"noopener\">Seguiu aquest enlla\u00e7.<\/a><\/p>\n","protected":false},"excerpt":{"rendered":"<p>Orquestra i piano<\/p>\n","protected":false},"featured_media":4252,"comment_status":"open","ping_status":"closed","template":"","meta":{"_et_pb_use_builder":"","_et_pb_old_content":"","_et_gb_content_width":""},"product_brand":[],"product_cat":[178],"product_tag":[204],"class_list":{"0":"post-3166","1":"product","2":"type-product","3":"status-publish","4":"has-post-thumbnail","6":"product_cat-orquestra","7":"product_tag-piano-ca","9":"first","10":"instock","11":"taxable","12":"shipping-taxable","13":"product-type-simple"},"_links":{"self":[{"href":"https:\/\/editorialmondigromax.com\/ca\/wp-json\/wp\/v2\/product\/3166","targetHints":{"allow":["GET"]}}],"collection":[{"href":"https:\/\/editorialmondigromax.com\/ca\/wp-json\/wp\/v2\/product"}],"about":[{"href":"https:\/\/editorialmondigromax.com\/ca\/wp-json\/wp\/v2\/types\/product"}],"replies":[{"embeddable":true,"href":"https:\/\/editorialmondigromax.com\/ca\/wp-json\/wp\/v2\/comments?post=3166"}],"wp:featuredmedia":[{"embeddable":true,"href":"https:\/\/editorialmondigromax.com\/ca\/wp-json\/wp\/v2\/media\/4252"}],"wp:attachment":[{"href":"https:\/\/editorialmondigromax.com\/ca\/wp-json\/wp\/v2\/media?parent=3166"}],"wp:term":[{"taxonomy":"product_brand","embeddable":true,"href":"https:\/\/editorialmondigromax.com\/ca\/wp-json\/wp\/v2\/product_brand?post=3166"},{"taxonomy":"product_cat","embeddable":true,"href":"https:\/\/editorialmondigromax.com\/ca\/wp-json\/wp\/v2\/product_cat?post=3166"},{"taxonomy":"product_tag","embeddable":true,"href":"https:\/\/editorialmondigromax.com\/ca\/wp-json\/wp\/v2\/product_tag?post=3166"}],"curies":[{"name":"wp","href":"https:\/\/api.w.org\/{rel}","templated":true}]}}