{"id":3190,"date":"2022-09-04T00:15:54","date_gmt":"2022-09-03T22:15:54","guid":{"rendered":"https:\/\/editorialmondigromax.com\/producto\/nana-de-la-ciguena-enric-palomar\/"},"modified":"2022-09-04T00:15:54","modified_gmt":"2022-09-03T22:15:54","slug":"nana-de-la-ciguena-enric-palomar","status":"publish","type":"product","link":"https:\/\/editorialmondigromax.com\/ca\/producte\/nana-de-la-ciguena-enric-palomar\/","title":{"rendered":"NANA DE LA CIG\u00dcE\u00d1A. Enric Palomar"},"content":{"rendered":"<p><strong>T\u00edtol:<\/strong> Nana de la cig\u00fce\u00f1a<br \/><strong>Text:<\/strong> Rafael Alberti<br \/><strong>G\u00e8nere:<\/strong> can\u00e7\u00f3 de bressol<br \/><strong>Instrument i veu:<\/strong> veu i piano<br \/><strong>Categoria:<\/strong> Cambra<br \/><strong>Any de composici\u00f3<\/strong>: 2010<br \/><strong>Durada:<\/strong> 3 min.<br \/><strong>Llengua<\/strong>: castell\u00e0<br \/><strong>Editorial<\/strong> Mondigromax<br \/><strong>Partitura:<\/strong> pdf 7 p\u00e0g. No disponible<\/p>\n","protected":false},"excerpt":{"rendered":"<p>Per a veu i piano<\/p>\n","protected":false},"featured_media":4067,"comment_status":"open","ping_status":"closed","template":"","meta":{"_et_pb_use_builder":"","_et_pb_old_content":"","_et_gb_content_width":""},"product_brand":[],"product_cat":[176],"product_tag":[204],"class_list":{"0":"post-3190","1":"product","2":"type-product","3":"status-publish","4":"has-post-thumbnail","6":"product_cat-cambra","7":"product_tag-piano-ca","9":"first","10":"instock","11":"taxable","12":"shipping-taxable","13":"product-type-simple"},"_links":{"self":[{"href":"https:\/\/editorialmondigromax.com\/ca\/wp-json\/wp\/v2\/product\/3190","targetHints":{"allow":["GET"]}}],"collection":[{"href":"https:\/\/editorialmondigromax.com\/ca\/wp-json\/wp\/v2\/product"}],"about":[{"href":"https:\/\/editorialmondigromax.com\/ca\/wp-json\/wp\/v2\/types\/product"}],"replies":[{"embeddable":true,"href":"https:\/\/editorialmondigromax.com\/ca\/wp-json\/wp\/v2\/comments?post=3190"}],"wp:featuredmedia":[{"embeddable":true,"href":"https:\/\/editorialmondigromax.com\/ca\/wp-json\/wp\/v2\/media\/4067"}],"wp:attachment":[{"href":"https:\/\/editorialmondigromax.com\/ca\/wp-json\/wp\/v2\/media?parent=3190"}],"wp:term":[{"taxonomy":"product_brand","embeddable":true,"href":"https:\/\/editorialmondigromax.com\/ca\/wp-json\/wp\/v2\/product_brand?post=3190"},{"taxonomy":"product_cat","embeddable":true,"href":"https:\/\/editorialmondigromax.com\/ca\/wp-json\/wp\/v2\/product_cat?post=3190"},{"taxonomy":"product_tag","embeddable":true,"href":"https:\/\/editorialmondigromax.com\/ca\/wp-json\/wp\/v2\/product_tag?post=3190"}],"curies":[{"name":"wp","href":"https:\/\/api.w.org\/{rel}","templated":true}]}}