{"id":3198,"date":"2022-09-03T14:29:24","date_gmt":"2022-09-03T12:29:24","guid":{"rendered":"https:\/\/editorialmondigromax.com\/producto\/negro-goya-enric-palomar\/"},"modified":"2022-11-25T11:50:10","modified_gmt":"2022-11-25T10:50:10","slug":"negro-goya-enric-palomar","status":"publish","type":"product","link":"https:\/\/editorialmondigromax.com\/ca\/producte\/negro-goya-enric-palomar\/","title":{"rendered":"NEGRO GOYA. Enric Palomar"},"content":{"rendered":"<p><strong>T\u00edtol:<\/strong> Negro Goya<br \/><strong>G\u00e8nere:<\/strong> ballet<br \/><strong>Orquestraci\u00f3:<\/strong> Piccolo, 2 Flautes, 2 Obo\u00e8s, 1 Corn angl\u00e8s, 2 Clarinets en sib, 1 Clarinet Baix, 2 Fagots, 4 Trompes, 3 Trompetes, 2 Trombons, 1 Tromb\u00f3 Baix, 1 Tuba, Timpani, Percussi\u00f3 (3 executants): caixa, caixa sense bord\u00f3, castanyoles, triangle, 3 tom-toms, plats suspesos, bombo, tam-tam, glockenspiel, campanes tubulars, Piano, Arpa, Violins I, Violins II, Violes, Violoncels, Contrabaixos<br \/><strong>Categoria:<\/strong> orquestra<br \/><strong>Any de composici\u00f3:<\/strong> 2010<br \/><strong>Durada:<\/strong> 90 min.<br \/><strong>Editorial<\/strong> Mondigromax<br \/><strong>Enc\u00e0rrec:<\/strong> Ballet Nacional d&#8217;Espanya<br \/><strong>Dedicat:<\/strong> a Jos\u00e9 Antonio Ruiz<br \/><strong>Estrena:<\/strong> al Festival Internacional de M\u00fasica i Dansa de Granada el 8 de juliol de 2011, coreografia de Jos\u00e9 Antonio, sota la batuta de Josep Caball\u00e9<br \/><strong>Partitura:<\/strong> pdf 309 p\u00e0g.<br \/><strong>ISMN:<\/strong> 979-0-9018959-8-0<\/p>\n","protected":false},"excerpt":{"rendered":"<p>Ballet en un acte<\/p>\n","protected":false},"featured_media":4243,"comment_status":"open","ping_status":"closed","template":"","meta":{"_et_pb_use_builder":"","_et_pb_old_content":"","_et_gb_content_width":""},"product_brand":[],"product_cat":[175,178],"product_tag":[],"class_list":{"0":"post-3198","1":"product","2":"type-product","3":"status-publish","4":"has-post-thumbnail","6":"product_cat-ballet-ca","7":"product_cat-orquestra","9":"first","10":"instock","11":"downloadable","12":"taxable","13":"shipping-taxable","14":"purchasable","15":"product-type-simple"},"_links":{"self":[{"href":"https:\/\/editorialmondigromax.com\/ca\/wp-json\/wp\/v2\/product\/3198","targetHints":{"allow":["GET"]}}],"collection":[{"href":"https:\/\/editorialmondigromax.com\/ca\/wp-json\/wp\/v2\/product"}],"about":[{"href":"https:\/\/editorialmondigromax.com\/ca\/wp-json\/wp\/v2\/types\/product"}],"replies":[{"embeddable":true,"href":"https:\/\/editorialmondigromax.com\/ca\/wp-json\/wp\/v2\/comments?post=3198"}],"wp:featuredmedia":[{"embeddable":true,"href":"https:\/\/editorialmondigromax.com\/ca\/wp-json\/wp\/v2\/media\/4243"}],"wp:attachment":[{"href":"https:\/\/editorialmondigromax.com\/ca\/wp-json\/wp\/v2\/media?parent=3198"}],"wp:term":[{"taxonomy":"product_brand","embeddable":true,"href":"https:\/\/editorialmondigromax.com\/ca\/wp-json\/wp\/v2\/product_brand?post=3198"},{"taxonomy":"product_cat","embeddable":true,"href":"https:\/\/editorialmondigromax.com\/ca\/wp-json\/wp\/v2\/product_cat?post=3198"},{"taxonomy":"product_tag","embeddable":true,"href":"https:\/\/editorialmondigromax.com\/ca\/wp-json\/wp\/v2\/product_tag?post=3198"}],"curies":[{"name":"wp","href":"https:\/\/api.w.org\/{rel}","templated":true}]}}