{"id":3242,"date":"2022-08-30T19:54:26","date_gmt":"2022-08-30T17:54:26","guid":{"rendered":"https:\/\/editorialmondigromax.com\/producto\/la-cabeza-del-bautista-enric-palomar\/"},"modified":"2022-11-25T13:28:28","modified_gmt":"2022-11-25T12:28:28","slug":"la-cabeza-del-bautista-enric-palomar","status":"publish","type":"product","link":"https:\/\/editorialmondigromax.com\/ca\/producte\/la-cabeza-del-bautista-enric-palomar\/","title":{"rendered":"LA CABEZA DEL BAUTISTA. Enric Palomar"},"content":{"rendered":"<p><strong>T\u00edtol:<\/strong> La cabeza del Bautista<br \/><strong>Llibret:<\/strong> basat en l&#8217;obra hom\u00f2nima de Ram\u00f3n M\u00aa del Valle-Incl\u00e1n, adaptat per Carlos Wagner<br \/><strong>G\u00e8nere:<\/strong> \u00f2pera<br \/><strong>Any de composici\u00f3:<\/strong> 2008<br \/><strong>Veus:<\/strong> Don Igi, l&#8217;Indiano Gachup\u00edn (Higinio P\u00e9rez), tenor; La Pepona, soprano; El J\u00e1ndalo, (Alberto Saco) bar\u00edton; Valerio el Pajarito, tenor; El Barbero, bar\u00edton; El Sastre, bar\u00edton; L&#8217;Enano de Saln\u00e9s (Merengue), tenor; Rondalla de mossos: 2 tenors, 2 bar\u00edtons (m\u00ednim); El Cec, bar\u00edton baix; Mosso del cec, nen; Gent del bar*, cor mixt. *(poemes de Ram\u00f3n M\u00aa del Valle-Incl\u00e1n)<br \/><strong>Instrumentaci\u00f3:<\/strong> Piccolo, 2 Flautes, 2 Obo\u00e8s, Corn angl\u00e8s, 2 Clarinets Bb, Clarinet baix, 2 Fagots, 4 Trompes, 3 Trompetes en C, 2 Trombons, Tromb\u00f3 baix, Tuba, Timpani, Percussi\u00f3 (3 executants), Arpa, Piano , Violins 1, Violins 2, Violes, Violoncels, Contrabaixos<br \/><strong>Durada:<\/strong> 90 min.<br \/><strong>Llengua:<\/strong> castell\u00e0<br \/><strong>Editorial<\/strong> Mondigromax<br \/><strong>Enc\u00e0rrec:<\/strong> Fundaci\u00f3 del Gran Teatre del Liceu, Barcelona<br \/><strong>Dedicat<\/strong> a Dietrich Grosse<br \/><strong>Estrena mundial:<\/strong> el 20 d&#8217;abril de 2009 al Gran Teatre del Liceu. Direcci\u00f3 esc\u00e8nica Carlos Wagner; direcci\u00f3 musical Josep Caball\u00e9<br \/><strong>Partitura:<\/strong> pdf 366 p\u00e0g.<br \/><strong>ISMN:<\/strong> 979-0-9018959-7-3<\/p>\n","protected":false},"excerpt":{"rendered":"<p>\u00d2pera en un acte<\/p>\n","protected":false},"featured_media":4237,"comment_status":"open","ping_status":"closed","template":"","meta":{"_et_pb_use_builder":"","_et_pb_old_content":"","_et_gb_content_width":""},"product_brand":[],"product_cat":[180],"product_tag":[246,206,204,265,205],"class_list":{"0":"post-3242","1":"product","2":"type-product","3":"status-publish","4":"has-post-thumbnail","6":"product_cat-opera-ca","7":"product_tag-corda","8":"product_tag-percussio","9":"product_tag-piano-ca","10":"product_tag-vent-ca","11":"product_tag-vocal-ca","13":"first","14":"instock","15":"downloadable","16":"taxable","17":"shipping-taxable","18":"purchasable","19":"product-type-simple"},"_links":{"self":[{"href":"https:\/\/editorialmondigromax.com\/ca\/wp-json\/wp\/v2\/product\/3242","targetHints":{"allow":["GET"]}}],"collection":[{"href":"https:\/\/editorialmondigromax.com\/ca\/wp-json\/wp\/v2\/product"}],"about":[{"href":"https:\/\/editorialmondigromax.com\/ca\/wp-json\/wp\/v2\/types\/product"}],"replies":[{"embeddable":true,"href":"https:\/\/editorialmondigromax.com\/ca\/wp-json\/wp\/v2\/comments?post=3242"}],"wp:featuredmedia":[{"embeddable":true,"href":"https:\/\/editorialmondigromax.com\/ca\/wp-json\/wp\/v2\/media\/4237"}],"wp:attachment":[{"href":"https:\/\/editorialmondigromax.com\/ca\/wp-json\/wp\/v2\/media?parent=3242"}],"wp:term":[{"taxonomy":"product_brand","embeddable":true,"href":"https:\/\/editorialmondigromax.com\/ca\/wp-json\/wp\/v2\/product_brand?post=3242"},{"taxonomy":"product_cat","embeddable":true,"href":"https:\/\/editorialmondigromax.com\/ca\/wp-json\/wp\/v2\/product_cat?post=3242"},{"taxonomy":"product_tag","embeddable":true,"href":"https:\/\/editorialmondigromax.com\/ca\/wp-json\/wp\/v2\/product_tag?post=3242"}],"curies":[{"name":"wp","href":"https:\/\/api.w.org\/{rel}","templated":true}]}}