{"id":3320,"date":"2022-08-26T17:07:12","date_gmt":"2022-08-26T15:07:12","guid":{"rendered":"https:\/\/editorialmondigromax.com\/producto\/suite-of-myself-sinfonico-coral-raquel-garcia-tomas\/"},"modified":"2023-10-06T16:54:17","modified_gmt":"2023-10-06T14:54:17","slug":"suite-of-myself-sinfonico-coral-raquel-garcia-tomas","status":"publish","type":"product","link":"https:\/\/editorialmondigromax.com\/ca\/producte\/suite-of-myself-sinfonico-coral-raquel-garcia-tomas\/","title":{"rendered":"SUITE OF MYSELF. Simf\u00f2nic-coral. Raquel Garc\u00eda-Tom\u00e1s"},"content":{"rendered":"<p><strong>T\u00edtol:<\/strong> Suite of Myself<br \/>\nObra inspirada per la m\u00fasica de Johann Sebastian Bach, el text prov\u00e9 d&#8217;una selecci\u00f3 de poemes del llibre &#8220;Song of Myself&#8221; de Walt Whitman.<br \/>\n<strong>G\u00e8nere:<\/strong> Simf\u00f2nic-coral<br \/>\n<strong>Categoria:<\/strong> Orquestra i cor<br \/>\n<strong>Instrumentaci\u00f3:<\/strong> 2 Flautes, 2 Obo\u00e8s, 2 Clarinets en Bb, 2 Fagots, 4 Trompes en F, 3 Trompetes en C, 2 Trombons, 1 Tromb\u00f3 Baix, Timpans, Percussi\u00f3 1: Vibr\u00e0fon, Percussi\u00f3 2: Marimba, Tubular Bells &amp; Triangu Harpa, Celesta i Cordes<br \/>\n<strong>Llengua:<\/strong> angl\u00e8s<br \/>\n<strong>Durada:<\/strong> 18 min.<br \/>\n<strong>Any de composici\u00f3:<\/strong> 2020-21<br \/>\n<strong>Editorial<\/strong> Mondigromax<br \/>\n<strong>Enc\u00e0rrec:<\/strong> Orquestra Simf\u00f2nica de Barcelona i Nacional de Catalunya<br \/>\n<strong>Estrena mundial:<\/strong> el 13 de maig de 2022 a L\u2019Auditori de Barcelona. Directora, Giedr\u0117 \u0160lekyt\u0117, l&#8217;OBC i el cor El Cor Canta<br \/>\n<strong>Partitura:<\/strong> pdf 78 p\u00e0g., inclou els textos seleccionats de \u201cSong of Myself\u201d de Walt Whitman<br \/>\n<strong>ISMN:<\/strong> 979-0-9018959-2-8<br \/>\nLa <strong>Reducci\u00f3 per a piano<\/strong>, pdf. de 68 p\u00e0gs, acompanya la partitura completa.<\/p>\n<p>M\u00e9s informaci\u00f3 sobre <strong>Suite of Myself<\/strong> a la web de Mondigromax. <a href=\"https:\/\/www.mondigromax.com\/es\/suite-of-myself-orchestra-choir-4\/\" target=\"_blank\" rel=\"noopener\">Seguiu aquest enlla\u00e7.<\/a><\/p>\n","protected":false},"excerpt":{"rendered":"<p>Per a cor i orquestra<\/p>\n","protected":false},"featured_media":3324,"comment_status":"open","ping_status":"closed","template":"","meta":{"_et_pb_use_builder":"","_et_pb_old_content":"","_et_gb_content_width":""},"product_brand":[],"product_cat":[178],"product_tag":[],"class_list":{"0":"post-3320","1":"product","2":"type-product","3":"status-publish","4":"has-post-thumbnail","6":"product_cat-orquestra","8":"first","9":"instock","10":"downloadable","11":"taxable","12":"shipping-taxable","13":"purchasable","14":"product-type-simple"},"_links":{"self":[{"href":"https:\/\/editorialmondigromax.com\/ca\/wp-json\/wp\/v2\/product\/3320","targetHints":{"allow":["GET"]}}],"collection":[{"href":"https:\/\/editorialmondigromax.com\/ca\/wp-json\/wp\/v2\/product"}],"about":[{"href":"https:\/\/editorialmondigromax.com\/ca\/wp-json\/wp\/v2\/types\/product"}],"replies":[{"embeddable":true,"href":"https:\/\/editorialmondigromax.com\/ca\/wp-json\/wp\/v2\/comments?post=3320"}],"wp:featuredmedia":[{"embeddable":true,"href":"https:\/\/editorialmondigromax.com\/ca\/wp-json\/wp\/v2\/media\/3324"}],"wp:attachment":[{"href":"https:\/\/editorialmondigromax.com\/ca\/wp-json\/wp\/v2\/media?parent=3320"}],"wp:term":[{"taxonomy":"product_brand","embeddable":true,"href":"https:\/\/editorialmondigromax.com\/ca\/wp-json\/wp\/v2\/product_brand?post=3320"},{"taxonomy":"product_cat","embeddable":true,"href":"https:\/\/editorialmondigromax.com\/ca\/wp-json\/wp\/v2\/product_cat?post=3320"},{"taxonomy":"product_tag","embeddable":true,"href":"https:\/\/editorialmondigromax.com\/ca\/wp-json\/wp\/v2\/product_tag?post=3320"}],"curies":[{"name":"wp","href":"https:\/\/api.w.org\/{rel}","templated":true}]}}