{"id":3391,"date":"2022-08-25T17:19:34","date_gmt":"2022-08-25T15:19:34","guid":{"rendered":"https:\/\/editorialmondigromax.com\/producto\/blind-contours-no2-raquel-garcia-tomas\/"},"modified":"2023-06-07T14:32:12","modified_gmt":"2023-06-07T12:32:12","slug":"blind-contours-no2-raquel-garcia-tomas","status":"publish","type":"product","link":"https:\/\/editorialmondigromax.com\/ca\/producte\/blind-contours-no2-raquel-garcia-tomas\/","title":{"rendered":"BLIND CONTOURS N\u00ba2 . Raquel Garc\u00eda-Tom\u00e1s"},"content":{"rendered":"<p><strong>T\u00edtol:<\/strong> BLIND CONTOURS N\u00ba2<br \/>\n<strong>G\u00e8nere:<\/strong> cambra<br \/>\n<strong>Categoria:<\/strong> orquestra<br \/>\n<strong>Instrumentaci\u00f3:<\/strong> instruments de vent de fusta; trompeta i tromb\u00f3; cordes<br \/>\n<strong>Any de composici\u00f3:<\/strong> 2021<br \/>\n<strong>Durada:<\/strong> 14 min.<br \/>\n<strong>Editorial<\/strong> Mondigromax<br \/>\n<strong>Enc\u00e0rrec:<\/strong> Jove Orquestra Nacional d&#8217;Espanya (JONDE) 2020<br \/>\n<strong>Dedicat\u00f2ria:<\/strong> dedicat a la Jove Orquestra Nacional d&#8217;Espanya (JONDE)<br \/>\n<strong>Estrena mundial:<\/strong> 18 d&#8217;octubre de 2022 al Centre Cultural Miguel Delibes de Valladolid<br \/>\n<strong>Partitura:<\/strong> pdf 42 p\u00e0g.<br \/>\n<strong>ISMN:<\/strong> 979-0-9018961-2-3<\/p>\n","protected":false},"excerpt":{"rendered":"<p>Per a orquestra<\/p>\n","protected":false},"featured_media":3397,"comment_status":"open","ping_status":"closed","template":"","meta":{"_et_pb_use_builder":"","_et_pb_old_content":"","_et_gb_content_width":""},"product_brand":[],"product_cat":[176,178],"product_tag":[],"class_list":{"0":"post-3391","1":"product","2":"type-product","3":"status-publish","4":"has-post-thumbnail","6":"product_cat-cambra","7":"product_cat-orquestra","9":"first","10":"instock","11":"downloadable","12":"taxable","13":"shipping-taxable","14":"purchasable","15":"product-type-simple"},"_links":{"self":[{"href":"https:\/\/editorialmondigromax.com\/ca\/wp-json\/wp\/v2\/product\/3391","targetHints":{"allow":["GET"]}}],"collection":[{"href":"https:\/\/editorialmondigromax.com\/ca\/wp-json\/wp\/v2\/product"}],"about":[{"href":"https:\/\/editorialmondigromax.com\/ca\/wp-json\/wp\/v2\/types\/product"}],"replies":[{"embeddable":true,"href":"https:\/\/editorialmondigromax.com\/ca\/wp-json\/wp\/v2\/comments?post=3391"}],"wp:featuredmedia":[{"embeddable":true,"href":"https:\/\/editorialmondigromax.com\/ca\/wp-json\/wp\/v2\/media\/3397"}],"wp:attachment":[{"href":"https:\/\/editorialmondigromax.com\/ca\/wp-json\/wp\/v2\/media?parent=3391"}],"wp:term":[{"taxonomy":"product_brand","embeddable":true,"href":"https:\/\/editorialmondigromax.com\/ca\/wp-json\/wp\/v2\/product_brand?post=3391"},{"taxonomy":"product_cat","embeddable":true,"href":"https:\/\/editorialmondigromax.com\/ca\/wp-json\/wp\/v2\/product_cat?post=3391"},{"taxonomy":"product_tag","embeddable":true,"href":"https:\/\/editorialmondigromax.com\/ca\/wp-json\/wp\/v2\/product_tag?post=3391"}],"curies":[{"name":"wp","href":"https:\/\/api.w.org\/{rel}","templated":true}]}}