{"id":3415,"date":"2022-08-21T22:06:19","date_gmt":"2022-08-21T20:06:19","guid":{"rendered":"https:\/\/editorialmondigromax.com\/producto\/callate-francesc-prat\/"},"modified":"2023-10-01T17:28:14","modified_gmt":"2023-10-01T15:28:14","slug":"callate-francesc-prat","status":"publish","type":"product","link":"https:\/\/editorialmondigromax.com\/ca\/producte\/callate-francesc-prat\/","title":{"rendered":"C\u00c1LLATE. Francesc Prat"},"content":{"rendered":"<p><strong>T\u00edtol:<\/strong> C\u00c1LLATE<br \/>\n<strong>Llibret:<\/strong> Oriol Pla<br \/>\n<strong>G\u00e8nere:<\/strong> monodrama<br \/>\n<strong>Veu:<\/strong> mezzosoprano a capella<br \/>\n<strong>Any de composici\u00f3:<\/strong> 2019-2020<br \/>\n<strong>Categoria:<\/strong> cambra<br \/>\n<strong>Durada:<\/strong> 18 min.<br \/>\n<strong>Llengua:<\/strong> castell\u00e0<br \/>\n<strong>Editorial<\/strong> Mondigromax<br \/>\n<strong>Enc\u00e0rrec:<\/strong> \u00d2pera de Butxaca i Nova Creaci\u00f3 de Barcelona i Gran Teatre del Liceu<br \/>\n<strong>Estrena mundial:<\/strong><em> C\u00e1llate<\/em> forma part de <em>Sis Solos Soles<\/em> i havia d&#8217;estrenar-se l&#8217;1 de novembre de 2020 al Gran Teatre del Liceu de Barcelona per\u00f2 va ser cancel\u00b7lat per la pand\u00e8mia. Es va poder veure en streaming des de la web del Liceu, del 15 al 21 de novembre del 2020: 12.000 visionats. Estrena presencial el 28 de setembre de 2022 a l&#8217;Ateneu Barcelon\u00e8s, Barcelona.<br \/>\n<strong>Partitura:<\/strong> pdf 12 p\u00e0g.<br \/>\n<strong>ISMN:<\/strong> 979-0-9018961-7-8<\/p>\n<p>M\u00e9s informaci\u00f3 sobre <strong>C\u00e1llate<\/strong> a la web de Mondigromax. <a href=\"https:\/\/www.mondigromax.com\/es\/callate-5\/\" target=\"_blank\" rel=\"noopener\">Segueixi aquest enlla\u00e7.<\/a><\/p>\n","protected":false},"excerpt":{"rendered":"<p>Monodrama per a mezzosoprano<\/p>\n","protected":false},"featured_media":4055,"comment_status":"open","ping_status":"closed","template":"","meta":{"_et_pb_use_builder":"","_et_pb_old_content":"","_et_gb_content_width":""},"product_brand":[],"product_cat":[180,185],"product_tag":[205],"class_list":{"0":"post-3415","1":"product","2":"type-product","3":"status-publish","4":"has-post-thumbnail","6":"product_cat-opera-ca","7":"product_cat-solo-ca","8":"product_tag-vocal-ca","10":"first","11":"instock","12":"downloadable","13":"taxable","14":"shipping-taxable","15":"purchasable","16":"product-type-simple"},"_links":{"self":[{"href":"https:\/\/editorialmondigromax.com\/ca\/wp-json\/wp\/v2\/product\/3415","targetHints":{"allow":["GET"]}}],"collection":[{"href":"https:\/\/editorialmondigromax.com\/ca\/wp-json\/wp\/v2\/product"}],"about":[{"href":"https:\/\/editorialmondigromax.com\/ca\/wp-json\/wp\/v2\/types\/product"}],"replies":[{"embeddable":true,"href":"https:\/\/editorialmondigromax.com\/ca\/wp-json\/wp\/v2\/comments?post=3415"}],"wp:featuredmedia":[{"embeddable":true,"href":"https:\/\/editorialmondigromax.com\/ca\/wp-json\/wp\/v2\/media\/4055"}],"wp:attachment":[{"href":"https:\/\/editorialmondigromax.com\/ca\/wp-json\/wp\/v2\/media?parent=3415"}],"wp:term":[{"taxonomy":"product_brand","embeddable":true,"href":"https:\/\/editorialmondigromax.com\/ca\/wp-json\/wp\/v2\/product_brand?post=3415"},{"taxonomy":"product_cat","embeddable":true,"href":"https:\/\/editorialmondigromax.com\/ca\/wp-json\/wp\/v2\/product_cat?post=3415"},{"taxonomy":"product_tag","embeddable":true,"href":"https:\/\/editorialmondigromax.com\/ca\/wp-json\/wp\/v2\/product_tag?post=3415"}],"curies":[{"name":"wp","href":"https:\/\/api.w.org\/{rel}","templated":true}]}}