{"id":3423,"date":"2022-08-21T21:00:48","date_gmt":"2022-08-21T19:00:48","guid":{"rendered":"https:\/\/editorialmondigromax.com\/producto\/dialegs-de-tirant-e-carmesina-joan-magrane\/"},"modified":"2023-09-05T17:52:42","modified_gmt":"2023-09-05T15:52:42","slug":"dialegs-de-tirant-e-carmesina-joan-magrane","status":"publish","type":"product","link":"https:\/\/editorialmondigromax.com\/ca\/producte\/dialegs-de-tirant-e-carmesina-joan-magrane\/","title":{"rendered":"DI\u00c0LEGS DE TIRANT E CARMESINA. Joan Magran\u00e9"},"content":{"rendered":"<p>[et_pb_section fb_built=&#8221;1&#8243; _builder_version=&#8221;4.21.0&#8243; custom_padding=&#8221;0px||||false|false&#8221; global_colors_info=&#8221;{}&#8221;][et_pb_row _builder_version=&#8221;4.21.0&#8243; background_size=&#8221;initial&#8221; background_position=&#8221;top_left&#8221; background_repeat=&#8221;repeat&#8221; width=&#8221;100%&#8221; custom_padding=&#8221;0px||0px||false|false&#8221; global_colors_info=&#8221;{}&#8221;][et_pb_column type=&#8221;4_4&#8243; _builder_version=&#8221;4.16&#8243; custom_padding=&#8221;|||&#8221; global_colors_info=&#8221;{}&#8221; custom_padding__hover=&#8221;|||&#8221;][et_pb_wc_breadcrumb _builder_version=&#8221;4.21.0&#8243; global_colors_info=&#8221;{}&#8221;][\/et_pb_wc_breadcrumb][et_pb_wc_cart_notice _builder_version=&#8221;4.16&#8243; global_colors_info=&#8221;{}&#8221;][\/et_pb_wc_cart_notice][\/et_pb_column][\/et_pb_row][et_pb_row column_structure=&#8221;1_2,1_2&#8243; _builder_version=&#8221;4.16&#8243; background_size=&#8221;initial&#8221; background_position=&#8221;top_left&#8221; background_repeat=&#8221;repeat&#8221; width=&#8221;100%&#8221; custom_padding=&#8221;0px||||false|false&#8221; global_colors_info=&#8221;{}&#8221;][et_pb_column type=&#8221;1_2&#8243; _builder_version=&#8221;4.16&#8243; custom_padding=&#8221;|||&#8221; global_colors_info=&#8221;{}&#8221; custom_padding__hover=&#8221;|||&#8221;][et_pb_wc_images _builder_version=&#8221;4.16&#8243; global_colors_info=&#8221;{}&#8221;][\/et_pb_wc_images][\/et_pb_column][et_pb_column type=&#8221;1_2&#8243; _builder_version=&#8221;4.16&#8243; custom_padding=&#8221;|||&#8221; global_colors_info=&#8221;{}&#8221; custom_padding__hover=&#8221;|||&#8221;][et_pb_wc_title _builder_version=&#8221;4.21.0&#8243; global_colors_info=&#8221;{}&#8221;][\/et_pb_wc_title][et_pb_wc_rating _builder_version=&#8221;4.16&#8243; global_colors_info=&#8221;{}&#8221;][\/et_pb_wc_rating][et_pb_wc_price _builder_version=&#8221;4.16&#8243; global_colors_info=&#8221;{}&#8221;][\/et_pb_wc_price][et_pb_wc_description _builder_version=&#8221;4.16&#8243; global_colors_info=&#8221;{}&#8221;][\/et_pb_wc_description][et_pb_wc_add_to_cart _builder_version=&#8221;4.16&#8243; global_colors_info=&#8221;{}&#8221;][\/et_pb_wc_add_to_cart][et_pb_wc_meta _builder_version=&#8221;4.16&#8243; global_colors_info=&#8221;{}&#8221;][\/et_pb_wc_meta][\/et_pb_column][\/et_pb_row][et_pb_row _builder_version=&#8221;4.16&#8243; background_size=&#8221;initial&#8221; background_position=&#8221;top_left&#8221; background_repeat=&#8221;repeat&#8221; width=&#8221;100%&#8221; global_colors_info=&#8221;{}&#8221;][et_pb_column type=&#8221;4_4&#8243; _builder_version=&#8221;4.16&#8243; custom_padding=&#8221;|||&#8221; global_colors_info=&#8221;{}&#8221; custom_padding__hover=&#8221;|||&#8221;][et_pb_wc_tabs _builder_version=&#8221;4.16&#8243; global_colors_info=&#8221;{}&#8221;]\t\t\t\t\t[\/et_pb_wc_tabs][et_pb_wc_upsells _builder_version=&#8221;4.16&#8243; global_colors_info=&#8221;{}&#8221;][\/et_pb_wc_upsells][et_pb_wc_related_products _builder_version=&#8221;4.16&#8243; global_colors_info=&#8221;{}&#8221;][\/et_pb_wc_related_products][\/et_pb_column][\/et_pb_row][\/et_pb_section]<\/p>\n","protected":false},"excerpt":{"rendered":"<p>\u00d2pera de cambra en 4 parts<\/p>\n","protected":false},"featured_media":4200,"comment_status":"open","ping_status":"closed","template":"","meta":{"_et_pb_use_builder":"on","_et_pb_old_content":"<strong>T\u00edtol: <\/strong>DI\u00c0LEGS DE TIRANT E CARMESINA\r\n<strong>Llibret: <\/strong>Marc Rosich\r\n<strong>G\u00e8nere: <\/strong>\u00f2pera de cambra\r\n<strong>Veus: <\/strong>soprano, mezzo-soprano, bar\u00edton\r\n<strong>Any de composici\u00f3: <\/strong>2019\r\n<strong>Categoria:<\/strong> \u00f2pera\r\n<strong>Instrumentaci\u00f3:<\/strong>\u00a0fl, hp, 2 vn, va, vc\r\n<strong>Durada: <\/strong>80 min.\r\n<strong>Llengua:<\/strong> catal\u00e0\r\n<strong>Editorial<\/strong> Mondigromax\r\n<strong>Enc\u00e0rrec: <\/strong>\u00d2pera de Butxaca i Nova Creaci\u00f3\r\n<strong>Coproducci\u00f3:<\/strong> Festival Castell de Peralada i Gran Teatre del Liceu de Barcelona\r\n<strong>Estrena mundial: <\/strong>18 de juliol de 2019 al Claustre del Carme, Peralada (Girona)\r\n<strong>Partitura: <\/strong>pdf 254 p\u00e0gs.\r\n<strong>ISMN:<\/strong> 979-0-9018959-4-2\r\n\r\nM\u00e9s informaci\u00f3 sobre <strong>Di\u00e0legs de Tirant i Carmesina<\/strong> a la web de Mondigromax. <a href=\"https:\/\/www.mondigromax.com\/es\/dialegs-de-tirant-e-carmesina-4\/\" target=\"_blank\" rel=\"noopener\">Seguiu aquest enlla\u00e7<\/a>.\r\n\r\n<strong>Equip art\u00edstic estrena:<\/strong>\r\n\r\nCarmesina: Isabella Gaud\u00ed\r\nPlaerdemavida\/Viuda Reposada: Anna Al\u00e0s\r\nTirant: Josep-Ramon Oliv\u00e9\r\nDirecci\u00f3 musical: Francesc Prat\r\nDirecci\u00f3 esc\u00e8nica: Marc Rosich\r\nEspai esc\u00e8nic: Jaume Plensa\r\nFlauta: Neus Puig\r\nArpa: Esther Pinyol\r\nViol\u00ed 1er: Joel Bardolet\r\nViol\u00ed 2n: Antonio Vi\u00f1uales\r\nViola: Adam Newman\r\nVioloncel: David Eggert","_et_gb_content_width":""},"product_brand":[],"product_cat":[176,180],"product_tag":[228,246,265,205],"class_list":{"0":"post-3423","1":"product","2":"type-product","3":"status-publish","4":"has-post-thumbnail","6":"product_cat-cambra","7":"product_cat-opera-ca","8":"product_tag-arpa-ca","9":"product_tag-corda","10":"product_tag-vent-ca","11":"product_tag-vocal-ca","13":"first","14":"instock","15":"downloadable","16":"taxable","17":"shipping-taxable","18":"purchasable","19":"product-type-simple"},"_links":{"self":[{"href":"https:\/\/editorialmondigromax.com\/ca\/wp-json\/wp\/v2\/product\/3423","targetHints":{"allow":["GET"]}}],"collection":[{"href":"https:\/\/editorialmondigromax.com\/ca\/wp-json\/wp\/v2\/product"}],"about":[{"href":"https:\/\/editorialmondigromax.com\/ca\/wp-json\/wp\/v2\/types\/product"}],"replies":[{"embeddable":true,"href":"https:\/\/editorialmondigromax.com\/ca\/wp-json\/wp\/v2\/comments?post=3423"}],"wp:featuredmedia":[{"embeddable":true,"href":"https:\/\/editorialmondigromax.com\/ca\/wp-json\/wp\/v2\/media\/4200"}],"wp:attachment":[{"href":"https:\/\/editorialmondigromax.com\/ca\/wp-json\/wp\/v2\/media?parent=3423"}],"wp:term":[{"taxonomy":"product_brand","embeddable":true,"href":"https:\/\/editorialmondigromax.com\/ca\/wp-json\/wp\/v2\/product_brand?post=3423"},{"taxonomy":"product_cat","embeddable":true,"href":"https:\/\/editorialmondigromax.com\/ca\/wp-json\/wp\/v2\/product_cat?post=3423"},{"taxonomy":"product_tag","embeddable":true,"href":"https:\/\/editorialmondigromax.com\/ca\/wp-json\/wp\/v2\/product_tag?post=3423"}],"curies":[{"name":"wp","href":"https:\/\/api.w.org\/{rel}","templated":true}]}}