{"id":4117,"date":"2023-07-05T15:12:15","date_gmt":"2023-07-05T13:12:15","guid":{"rendered":"https:\/\/editorialmondigromax.com\/producto\/look-sweetie-i-found-my-old-projector-and-a-bunch-of-movies\/"},"modified":"2023-10-09T13:24:39","modified_gmt":"2023-10-09T11:24:39","slug":"look-sweetie-i-found-my-old-projector-and-a-bunch-of-movies","status":"publish","type":"product","link":"https:\/\/editorialmondigromax.com\/ca\/producte\/look-sweetie-i-found-my-old-projector-and-a-bunch-of-movies\/","title":{"rendered":"LOOK, SWEETIE, I FOUND MY OLD PROJECTOR! (\u2026AND A BUNCH OF MOVIES) Raquel Garc\u00eda-Tom\u00e1s"},"content":{"rendered":"<p><strong>M\u00fasica i v\u00eddeo:<\/strong> Raquel Garc\u00eda-Tom\u00e1s<br \/>\n<strong>Instruments:<\/strong> per a septet, (Flauta, Clarinet en Bb, Saxo Alt, Percussi\u00f3 -Vibr\u00e0fon, Tambor de caixa, Crotals (2 octaves), Piano, Viol\u00ed i Cello), electr\u00f2nica pre-gravada i v\u00eddeo<br \/>\n<strong>Any de composici\u00f3:<\/strong> 2019, revisada 2023<br \/>\n<strong>Categoria:<\/strong> m\u00fasica i v\u00eddeo<br \/>\n<strong>Durada:<\/strong> 14,27 min.<br \/>\n<strong>Editorial<\/strong>\u00a0Mondigromax<br \/>\n<strong>Enc\u00e0rrec:\u00a0<\/strong>Sociedad Filarm\u00f3nica de Badajoz amb les ajudes de l&#8217;INAEM 2019<br \/>\n<strong>Dedicat\u00f2ria:<\/strong> dedicada a la Sociedad Filarm\u00f3nica de Badajoz<br \/>\n<strong>Estrena mundial:<\/strong> 9 de novembre de 2019 en el marc del XI Cicle de M\u00fasica Actual de Badajoz (Auditori de la Torre Segle XXI) || CNDM 19\/20 per l&#8217;Ensemble Sonido Extremo. Director: Jordi Franc\u00e9s<br \/>\n<strong>Partitura:\u00a0<\/strong>pdf 44 p\u00e0g.*<br \/>\n<strong>ISMN:<\/strong>\u00a0979-0-9018965-9-8<br \/>\n*Materials proporcionats: V\u00eddeo \u2013que cont\u00e9 l&#8217;electr\u00f2nica pregravada (est\u00e8reo)\u2013, Click pista (mono), partitura i parts. <a href=\"https:\/\/editorialmondigromax.com\/ca\/look-sweetie-links\/\" target=\"_blank\" rel=\"noopener\">(Les parts en lloguer)<\/a><\/p>\n","protected":false},"excerpt":{"rendered":"<p>Per a septet, electr\u00f2nica pregravada i v\u00eddeo<\/p>\n","protected":false},"featured_media":4100,"comment_status":"open","ping_status":"closed","template":"","meta":{"_et_pb_use_builder":"","_et_pb_old_content":"","_et_gb_content_width":""},"product_brand":[],"product_cat":[172,297],"product_tag":[],"class_list":{"0":"post-4117","1":"product","2":"type-product","3":"status-publish","4":"has-post-thumbnail","6":"product_cat-instrumental-ca","7":"product_cat-video-ca","9":"first","10":"instock","11":"downloadable","12":"taxable","13":"shipping-taxable","14":"purchasable","15":"product-type-simple"},"_links":{"self":[{"href":"https:\/\/editorialmondigromax.com\/ca\/wp-json\/wp\/v2\/product\/4117","targetHints":{"allow":["GET"]}}],"collection":[{"href":"https:\/\/editorialmondigromax.com\/ca\/wp-json\/wp\/v2\/product"}],"about":[{"href":"https:\/\/editorialmondigromax.com\/ca\/wp-json\/wp\/v2\/types\/product"}],"replies":[{"embeddable":true,"href":"https:\/\/editorialmondigromax.com\/ca\/wp-json\/wp\/v2\/comments?post=4117"}],"wp:featuredmedia":[{"embeddable":true,"href":"https:\/\/editorialmondigromax.com\/ca\/wp-json\/wp\/v2\/media\/4100"}],"wp:attachment":[{"href":"https:\/\/editorialmondigromax.com\/ca\/wp-json\/wp\/v2\/media?parent=4117"}],"wp:term":[{"taxonomy":"product_brand","embeddable":true,"href":"https:\/\/editorialmondigromax.com\/ca\/wp-json\/wp\/v2\/product_brand?post=4117"},{"taxonomy":"product_cat","embeddable":true,"href":"https:\/\/editorialmondigromax.com\/ca\/wp-json\/wp\/v2\/product_cat?post=4117"},{"taxonomy":"product_tag","embeddable":true,"href":"https:\/\/editorialmondigromax.com\/ca\/wp-json\/wp\/v2\/product_tag?post=4117"}],"curies":[{"name":"wp","href":"https:\/\/api.w.org\/{rel}","templated":true}]}}