{"id":4326,"date":"2023-10-03T13:42:52","date_gmt":"2023-10-03T11:42:52","guid":{"rendered":"https:\/\/editorialmondigromax.com\/?post_type=product&#038;p=4326"},"modified":"2024-12-17T14:03:11","modified_gmt":"2024-12-17T13:03:11","slug":"alexinab-raquel-garcia-tomas","status":"publish","type":"product","link":"https:\/\/editorialmondigromax.com\/ca\/producte\/alexinab-raquel-garcia-tomas\/","title":{"rendered":"ALEXINA B. Raquel Garc\u00eda-Tom\u00e1s"},"content":{"rendered":"<p><strong>T\u00edtol:<\/strong> Alexina B.<br \/>\n<strong>Llibret:<\/strong> Ir\u00e8ne Gayraud, a partir de &#8220;Mes souvenirs&#8221; d&#8217;Herculine Barbin<br \/>\n<strong>G\u00e8nere:<\/strong> \u00f2pera<br \/>\n<strong>Instruments i veus:<\/strong> \u00f2pera per a cinc cantants, cor de noies, sinfonietta -6 violins, primer i segon, 3 violes, 2 violoncels, 2 contrabaixos, flauta, obo\u00e8, clarinet i fagot, trompa, arpa, piano, m\u00fasica electr\u00f2nica pre-gravada, videoprojeccions i so amplificat.<br \/>\n<strong>Any de composici\u00f3:<\/strong> 2020-2022<br \/>\n<strong>Durada:<\/strong> 2 h 20 min.<br \/>\n<strong>Llengua:<\/strong> franc\u00e8s<br \/>\n<strong>Editorial<\/strong> Mondigromax<br \/>\n<strong>Col\u00b7laboraci\u00f3:<\/strong> \u00f2pera creada amb l&#8217;ajut de la Beca Leonardo de la Fundaci\u00f3 BBVA per a investigadors i creadors 2020.<br \/>\n<strong>Producci\u00f3:<\/strong> Gran Teatre del Liceu, Barcelona<br \/>\n<strong>Estrena mundial:<\/strong> el 18 de mar\u00e7 de 2023 al Gran Teatre del Liceu de Barcelona<br \/>\n<strong>Partitura i llibret:<\/strong> pdf 735 p\u00e0g.<br \/>\n<strong>ISMN:<\/strong> 979-0\u201379-0-9018965-7-4<\/p>\n<p>Aviat disponible per la seva venda.<\/p>\n<p>M\u00e9s informaci\u00f3 d&#8217;<strong>Alexina B.<\/strong> a la web de Mondigromax. <strong><a href=\"https:\/\/www.mondigromax.com\/es\/alexina-b-5\/\" target=\"_blank\" rel=\"noopener\">Seguiu aquest enlla\u00e7.<\/a><\/strong><\/p>\n<p>Vegi el tr\u00e0iler d<strong>&#8216;<a href=\"https:\/\/vimeo.com\/911393883\">Alexina B. en aquest enlla\u00e7.<\/a> <\/strong>\u00d2pera enregistrada per RTVE<\/p>\n<p>Des del 8 de mar\u00e7 de 2024, est\u00e0 disponible a la plataforma <strong>CaixaForum+<\/strong> la s\u00e8rie documental de quatre cap\u00edtols \u201c<a href=\"https:\/\/caixaforumplus.org\/c\/je-suis-un-ange\"><strong>Je suis un ange<\/strong>\u201c<\/a> sobre el proc\u00e9s de creaci\u00f3 de l\u2019\u00f2pera \u201cAlexina B.\u201d de Raquel Garc\u00eda-Tom\u00e0s. S\u00e8rie dirigida per\u00a0<strong>T\u00e0nia Crosas<\/strong>, realitzada per\u00a0<strong>Sonia Pons<\/strong>, amb entrevistes d\u2019<strong>Anna Guitart<\/strong>\u00a0i produ\u00efda per<strong>\u00a0Isabel Bassas<\/strong>\u00a0i\u00a0<strong>Paula Ustarroz<\/strong>.<\/p>\n","protected":false},"excerpt":{"rendered":"<p>\u00d2pera per a cinc cantants, cor de noies, sinfonietta i electr\u00f2nica pre-enregistrada.<\/p>\n","protected":false},"featured_media":4332,"comment_status":"open","ping_status":"closed","template":"","meta":{"_et_pb_use_builder":"","_et_pb_old_content":"","_et_gb_content_width":""},"product_brand":[],"product_cat":[180,178],"product_tag":[252,205],"class_list":{"0":"post-4326","1":"product","2":"type-product","3":"status-publish","4":"has-post-thumbnail","6":"product_cat-opera-ca","7":"product_cat-orquestra","8":"product_tag-orquestra","9":"product_tag-vocal-ca","11":"first","12":"instock","13":"taxable","14":"shipping-taxable","15":"product-type-simple"},"_links":{"self":[{"href":"https:\/\/editorialmondigromax.com\/ca\/wp-json\/wp\/v2\/product\/4326","targetHints":{"allow":["GET"]}}],"collection":[{"href":"https:\/\/editorialmondigromax.com\/ca\/wp-json\/wp\/v2\/product"}],"about":[{"href":"https:\/\/editorialmondigromax.com\/ca\/wp-json\/wp\/v2\/types\/product"}],"replies":[{"embeddable":true,"href":"https:\/\/editorialmondigromax.com\/ca\/wp-json\/wp\/v2\/comments?post=4326"}],"wp:featuredmedia":[{"embeddable":true,"href":"https:\/\/editorialmondigromax.com\/ca\/wp-json\/wp\/v2\/media\/4332"}],"wp:attachment":[{"href":"https:\/\/editorialmondigromax.com\/ca\/wp-json\/wp\/v2\/media?parent=4326"}],"wp:term":[{"taxonomy":"product_brand","embeddable":true,"href":"https:\/\/editorialmondigromax.com\/ca\/wp-json\/wp\/v2\/product_brand?post=4326"},{"taxonomy":"product_cat","embeddable":true,"href":"https:\/\/editorialmondigromax.com\/ca\/wp-json\/wp\/v2\/product_cat?post=4326"},{"taxonomy":"product_tag","embeddable":true,"href":"https:\/\/editorialmondigromax.com\/ca\/wp-json\/wp\/v2\/product_tag?post=4326"}],"curies":[{"name":"wp","href":"https:\/\/api.w.org\/{rel}","templated":true}]}}