{"id":4360,"date":"2023-10-05T15:53:53","date_gmt":"2023-10-05T13:53:53","guid":{"rendered":"https:\/\/editorialmondigromax.com\/?post_type=product&#038;p=4360"},"modified":"2023-11-22T12:33:41","modified_gmt":"2023-11-22T11:33:41","slug":"tiempo-suspendido-estudio-sonomecanico-no1-alternative-version-1-raquel-garcia-tomas","status":"publish","type":"product","link":"https:\/\/editorialmondigromax.com\/ca\/producte\/tiempo-suspendido-estudio-sonomecanico-no1-alternative-version-1-raquel-garcia-tomas\/","title":{"rendered":"TIEMPO SUSPENDIDO &#8211; Estudio Sonomec\u00e1nico n\u00ba1. (alternative version 1). Raquel Garc\u00eda-Tom\u00e1s"},"content":{"rendered":"<p style=\"margin: 0cm;\"><b>T\u00edtol:<\/b> TIEMPO SUSPENDIDO &#8211; Estudio Sonomec\u00e1nico n\u00ba1. &#8211; (alternative version 1)<br \/>\n<b>M\u00fasica i v\u00eddeo-creaci\u00f3:<\/b> Raquel Garc\u00eda-Tom\u00e1s<br \/>\n<b>G\u00e8nere:<\/b> Nonet, electr\u00f2nica pre-gravada i v\u00eddeo<br \/>\n<b>Any de composici\u00f3:<\/b> El 2018 es va compondre l&#8217;obra original i el 2023 la versi\u00f3 alternativa on canvia la instrumentaci\u00f3.<br \/>\n<b>Categoria: <\/b>Cambra<br \/>\n<b>Instrumentaci\u00f3:<\/b> Flauta, Clarinet, Trompeta, Tromb\u00f3, 2 Percussionistes, Piano, Viol\u00ed, Violoncel, electr\u00f2nica pre-gravada v\u00eddeo.<br \/>\n<b>Durada:<\/b> 7&#8217;14 min.<br \/>\n<b>Editorial<\/b> Mondigromax<br \/>\n<b>Estrena mundial:<\/b> 2 d&#8217;octubre de 2023 al DOX Centre for Contemporary Art, Praga (Rep\u00fablica Txeca), per la BERG Orchestra, Director: Peter Vr\u00e1bel<br \/>\n<b>Partitura:<\/b> pdf 45 p\u00e0g.<br \/>\n<b>ISMN:<\/b> 979-0-9018993-2-2<\/p>\n","protected":false},"excerpt":{"rendered":"<p>Nonet, electr\u00f2nica pre-gravada i v\u00eddeo<\/p>\n","protected":false},"featured_media":4363,"comment_status":"open","ping_status":"closed","template":"","meta":{"_et_pb_use_builder":"","_et_pb_old_content":"","_et_gb_content_width":""},"product_brand":[],"product_cat":[176,297],"product_tag":[250,206,204,265],"class_list":{"0":"post-4360","1":"product","2":"type-product","3":"status-publish","4":"has-post-thumbnail","6":"product_cat-cambra","7":"product_cat-video-ca","8":"product_tag-nonet","9":"product_tag-percussio","10":"product_tag-piano-ca","11":"product_tag-vent-ca","13":"first","14":"instock","15":"downloadable","16":"taxable","17":"shipping-taxable","18":"purchasable","19":"product-type-simple"},"_links":{"self":[{"href":"https:\/\/editorialmondigromax.com\/ca\/wp-json\/wp\/v2\/product\/4360","targetHints":{"allow":["GET"]}}],"collection":[{"href":"https:\/\/editorialmondigromax.com\/ca\/wp-json\/wp\/v2\/product"}],"about":[{"href":"https:\/\/editorialmondigromax.com\/ca\/wp-json\/wp\/v2\/types\/product"}],"replies":[{"embeddable":true,"href":"https:\/\/editorialmondigromax.com\/ca\/wp-json\/wp\/v2\/comments?post=4360"}],"wp:featuredmedia":[{"embeddable":true,"href":"https:\/\/editorialmondigromax.com\/ca\/wp-json\/wp\/v2\/media\/4363"}],"wp:attachment":[{"href":"https:\/\/editorialmondigromax.com\/ca\/wp-json\/wp\/v2\/media?parent=4360"}],"wp:term":[{"taxonomy":"product_brand","embeddable":true,"href":"https:\/\/editorialmondigromax.com\/ca\/wp-json\/wp\/v2\/product_brand?post=4360"},{"taxonomy":"product_cat","embeddable":true,"href":"https:\/\/editorialmondigromax.com\/ca\/wp-json\/wp\/v2\/product_cat?post=4360"},{"taxonomy":"product_tag","embeddable":true,"href":"https:\/\/editorialmondigromax.com\/ca\/wp-json\/wp\/v2\/product_tag?post=4360"}],"curies":[{"name":"wp","href":"https:\/\/api.w.org\/{rel}","templated":true}]}}