{"id":4900,"date":"2025-03-28T17:20:30","date_gmt":"2025-03-28T16:20:30","guid":{"rendered":"https:\/\/editorialmondigromax.com\/producto\/the-last-night-of-the-world-agusti-charles\/"},"modified":"2025-04-07T14:41:03","modified_gmt":"2025-04-07T12:41:03","slug":"the-last-night-of-the-world-agusti-charles","status":"publish","type":"product","link":"https:\/\/editorialmondigromax.com\/ca\/producte\/the-last-night-of-the-world-agusti-charles\/","title":{"rendered":"The Last Night of the World.          Agust\u00ed Charles"},"content":{"rendered":"<p><strong>T\u00edtol: <\/strong>The Last Night of the World<br \/>\n<strong>M\u00fasica: <\/strong>Agust\u00ed Charles<br \/>\n<strong>Llibret: <\/strong>Marc Rosich, basat en el relat de Ray Bradbury<br \/>\n<strong>G\u00e8nere: <\/strong>\u00d2pera de cambra amb electr\u00f2nica en viu<br \/>\n<strong>Any de composici\u00f3: <\/strong>2024<br \/>\n<strong>Veus i instruments: <\/strong>Soprano, Alt, Tenor i Bar\u00edton; Clarinet, Bols Tibetans, Viol\u00ed, Violoncel, Arpa i Percussi\u00f3. Amb components electr\u00f2nics i instruments inventats pel compositor.<br \/>\n<strong>Durada: <\/strong>100 minuts<br \/>\n<strong>Llengua: <\/strong>angl\u00e8s<strong><br \/>\nEditorial <\/strong>Mondigromax<br \/>\n<strong>Producci\u00f3: <\/strong>enc\u00e0rrec i producci\u00f3 de l&#8217;Staatstheater Augsburg, Alemanya. Director General i Art\u00edstic<strong>: Andr\u00e9 B\u00fccker<br \/>\n<\/strong><strong>Estrena mundial: <\/strong>el 24 de gener de 2025 al brechtb\u00fchne im Gaswerk, Staatstheater Augsburg. Direcci\u00f3 musical: <strong>Sebastiaan van Yperen <\/strong>i direcci\u00f3 esc\u00e8nica:<strong> Jorinde Keesmaat<br \/>\n<\/strong><strong>Partitura i llibret: <\/strong>pdf 337 p\u00e0g.<br \/>\n<strong>ISMN: <\/strong>979-0-9018993-8-4<\/p>\n<p>Per a qualsevol q\u00fcesti\u00f3 relacionada amb aquesta partitura, escrigui\u2019ns, si us plau, a editorial@mondigromax.com<\/p>\n<p><strong>\u00a0<\/strong><\/p>\n","protected":false},"excerpt":{"rendered":"<p>\u00d2pera de cambra amb electr\u00f2nica en viu<\/p>\n","protected":false},"featured_media":4888,"comment_status":"open","ping_status":"closed","template":"","meta":{"_et_pb_use_builder":"","_et_pb_old_content":"","_et_gb_content_width":""},"product_brand":[],"product_cat":[176,180],"product_tag":[],"class_list":{"0":"post-4900","1":"product","2":"type-product","3":"status-publish","4":"has-post-thumbnail","6":"product_cat-cambra","7":"product_cat-opera-ca","9":"first","10":"instock","11":"taxable","12":"shipping-taxable","13":"purchasable","14":"product-type-simple"},"_links":{"self":[{"href":"https:\/\/editorialmondigromax.com\/ca\/wp-json\/wp\/v2\/product\/4900","targetHints":{"allow":["GET"]}}],"collection":[{"href":"https:\/\/editorialmondigromax.com\/ca\/wp-json\/wp\/v2\/product"}],"about":[{"href":"https:\/\/editorialmondigromax.com\/ca\/wp-json\/wp\/v2\/types\/product"}],"replies":[{"embeddable":true,"href":"https:\/\/editorialmondigromax.com\/ca\/wp-json\/wp\/v2\/comments?post=4900"}],"wp:featuredmedia":[{"embeddable":true,"href":"https:\/\/editorialmondigromax.com\/ca\/wp-json\/wp\/v2\/media\/4888"}],"wp:attachment":[{"href":"https:\/\/editorialmondigromax.com\/ca\/wp-json\/wp\/v2\/media?parent=4900"}],"wp:term":[{"taxonomy":"product_brand","embeddable":true,"href":"https:\/\/editorialmondigromax.com\/ca\/wp-json\/wp\/v2\/product_brand?post=4900"},{"taxonomy":"product_cat","embeddable":true,"href":"https:\/\/editorialmondigromax.com\/ca\/wp-json\/wp\/v2\/product_cat?post=4900"},{"taxonomy":"product_tag","embeddable":true,"href":"https:\/\/editorialmondigromax.com\/ca\/wp-json\/wp\/v2\/product_tag?post=4900"}],"curies":[{"name":"wp","href":"https:\/\/api.w.org\/{rel}","templated":true}]}}