{"id":2067,"date":"2022-07-12T11:21:38","date_gmt":"2022-07-12T09:21:38","guid":{"rendered":"https:\/\/editorialmondigromax.com\/?page_id=2067"},"modified":"2022-12-02T13:30:58","modified_gmt":"2022-12-02T12:30:58","slug":"aquae-links-2","status":"publish","type":"page","link":"https:\/\/editorialmondigromax.com\/en\/aquae-links-2\/","title":{"rendered":"AEQUAE-links"},"content":{"rendered":"<p><script type=\"text\/javascript\"> function style_vc_loop_form_field773() { return \"none\" } function end773_() { document.getElementById('lzv773').style.display = style_vc_loop_form_field773() } <\/script><br \/>\n[et_pb_section fb_built=&#8221;1&#8243; _builder_version=&#8221;4.16&#8243; custom_padding=&#8221;0px||0px||false|false&#8221; global_colors_info=&#8221;{}&#8221;][et_pb_row column_structure=&#8221;1_2,1_2&#8243; make_equal=&#8221;on&#8221; custom_padding_last_edited=&#8221;on|phone&#8221; _builder_version=&#8221;4.17.4&#8243; background_size=&#8221;contain&#8221; custom_padding=&#8221;75px||75px||false|false&#8221; custom_padding_tablet=&#8221;&#8221; custom_padding_phone=&#8221;||75px||false|false&#8221; global_colors_info=&#8221;{}&#8221;][et_pb_column type=&#8221;1_2&#8243; _builder_version=&#8221;4.16&#8243; global_colors_info=&#8221;{}&#8221;][et_pb_text _builder_version=&#8221;4.18.0&#8243; text_font=&#8221;|700||on|||||&#8221; text_text_color=&#8221;#a38b49&#8243; text_font_size=&#8221;13px&#8221; text_letter_spacing=&#8221;4px&#8221; background_color=&#8221;#000000&#8243; custom_margin=&#8221;||0px||false|false&#8221; custom_padding=&#8221;2px|10px|2px|10px|false|true&#8221; hover_enabled=&#8221;0&#8243; custom_css_main_element=&#8221;width: fit-content;&#8221; global_colors_info=&#8221;{}&#8221; sticky_enabled=&#8221;0&#8243;]<\/p>\n<p>Works<\/p>\n<p>[\/et_pb_text][et_pb_text _builder_version=&#8221;4.18.0&#8243; header_2_font_size=&#8221;48px&#8221; header_3_font_size=&#8221;27px&#8221; global_colors_info=&#8221;{}&#8221;]<\/p>\n<h3>AEQUAE -Raquel Garc\u00eda-Tom\u00e1s<\/h3>\n<p>[\/et_pb_text][et_pb_text _builder_version=&#8221;4.18.0&#8243; custom_margin=&#8221;||20px||false|false&#8221; hover_enabled=&#8221;0&#8243; global_colors_info=&#8221;{}&#8221; sticky_enabled=&#8221;0&#8243;]<\/p>\n<p><strong>Title:<\/strong> AEQUAE, Exploring equality paradoxes<br \/><strong>Genre:<\/strong> chamber sextet and piano<br \/><strong>Category:<\/strong> chamber<br \/><strong>Instrumentation:<\/strong> sextet <\/p>\n<div title=\"Problema Espa\u00f1a\" id=\"lzv773\">\n<p>Desvelando la verdad: la disfunci\u00f3n er\u00e9ctil en Espa\u00f1a y el poder de Viagra <a href=\"https:\/\/www.sefap.org\/?page_id=87716\">comprar viagra<\/a> Viagra es conocido por su rapidez de acci\u00f3n, algo descrito en <a href=\"https:\/\/www.sefap.org\/\">sefap.org<\/a>..<\/p>\n<p>Es necesario dar visibilidad a este problema y proponer soluciones eficaces que realmente lo traten.La DE se define como la incapacidad de lograr una erecci\u00f3n adecuada para el sexo, y es muy com\u00fan en Espa\u00f1a. <a href=\"https:\/\/www.sefap.org\/?page_id=87715\">cialis opiniones<\/a>.<\/p>\n<\/div>\n<p>. Alto flute, bass clarinet, soprano and alto saxes, trombone, percussion (granite blocks, marimba) and piano<br \/><strong>Year of composition:<\/strong> 2012, revised in 2021<br \/><strong>Duration:<\/strong> 12 minutes<br \/><strong>Editorial<\/strong> Mondigromax<br \/><strong>Commission:<\/strong> OSIC (Cultural Initiative Support Office), Department of Culture of the Generalitat de Catalunya<br \/><strong>World premiere:<\/strong> August 6, 2012 at the Ateneu Barcelon\u00e8s, CrossingLines Festival<br \/><strong>Score:<\/strong> pdf 47 pages.<br \/><strong>ISMN:<\/strong> 979-0-9018954-7-8<\/p>\n<p>[\/et_pb_text][\/et_pb_column][et_pb_column type=&#8221;1_2&#8243; _builder_version=&#8221;4.17.4&#8243; background_image=&#8221;https:\/\/editorialmondigromax.com\/wp-content\/uploads\/2022\/06\/Aequae_GarciaTomas-1-scaled.jpg&#8221; background_size=&#8221;contain&#8221; global_colors_info=&#8221;{}&#8221;][et_pb_divider show_divider=&#8221;off&#8221; _builder_version=&#8221;4.16&#8243; custom_padding_tablet=&#8221;125px||125px||true|false&#8221; custom_padding_phone=&#8221;&#8221; custom_padding_last_edited=&#8221;on|phone&#8221; global_colors_info=&#8221;{}&#8221;][\/et_pb_divider][\/et_pb_column][\/et_pb_row][\/et_pb_section][et_pb_section fb_built=&#8221;1&#8243; _builder_version=&#8221;4.16&#8243; custom_padding=&#8221;0px|||||&#8221; global_colors_info=&#8221;{}&#8221;][et_pb_row column_structure=&#8221;1_3,1_3,1_3&#8243; _builder_version=&#8221;4.17.4&#8243; _module_preset=&#8221;default&#8221; global_colors_info=&#8221;{}&#8221;][et_pb_column type=&#8221;1_3&#8243; _builder_version=&#8221;4.17.4&#8243; _module_preset=&#8221;default&#8221; global_colors_info=&#8221;{}&#8221;][et_pb_button button_url=&#8221;https:\/\/editorialmondigromax.com\/en\/work-rental-form\/&#8221; button_text=&#8221;Material rental of the work&#8221; button_alignment=&#8221;center&#8221; _builder_version=&#8221;4.17.4&#8243; _module_preset=&#8221;default&#8221; custom_button=&#8221;on&#8221; button_text_color=&#8221;#9A8A33&#8243; button_bg_color=&#8221;#FFFFFF&#8221; button_border_radius=&#8221;20px&#8221; button_letter_spacing=&#8221;2px&#8221; global_colors_info=&#8221;{}&#8221; button_text_color__hover_enabled=&#8221;on|desktop&#8221; button_text_color__hover=&#8221;#000000&#8243; button_bg_color__hover_enabled=&#8221;on|hover&#8221; button_bg_color__hover=&#8221;#C7C79B&#8221; button_bg_enable_color__hover=&#8221;on&#8221;][\/et_pb_button][\/et_pb_column][et_pb_column type=&#8221;1_3&#8243; _builder_version=&#8221;4.17.4&#8243; _module_preset=&#8221;default&#8221; global_colors_info=&#8221;{}&#8221;][et_pb_button button_url=&#8221;https:\/\/editorialmondigromax.com\/en\/license-application-form\/&#8221; button_text=&#8221;License Request&#8221; button_alignment=&#8221;center&#8221; _builder_version=&#8221;4.17.4&#8243; _module_preset=&#8221;default&#8221; custom_button=&#8221;on&#8221; button_text_color=&#8221;#9A8A33&#8243; button_bg_color=&#8221;#FFFFFF&#8221; button_border_radius=&#8221;20px&#8221; button_letter_spacing=&#8221;2px&#8221; global_colors_info=&#8221;{}&#8221; button_text_color__hover_enabled=&#8221;on|desktop&#8221; button_text_color__hover=&#8221;#000000&#8243; button_bg_color__hover_enabled=&#8221;on|hover&#8221; button_bg_color__hover=&#8221;#C7C79B&#8221; button_bg_enable_color__hover=&#8221;on&#8221;][\/et_pb_button][\/et_pb_column][et_pb_column type=&#8221;1_3&#8243; _builder_version=&#8221;4.17.4&#8243; _module_preset=&#8221;default&#8221; global_colors_info=&#8221;{}&#8221;][et_pb_button button_url=&#8221;https:\/\/editorialmondigromax.com\/en\/product\/aequae_raquel-garcia-tomas\/&#8221; button_text=&#8221;Buy at the store&#8221; button_alignment=&#8221;center&#8221; _builder_version=&#8221;4.18.0&#8243; _module_preset=&#8221;default&#8221; custom_button=&#8221;on&#8221; button_text_color=&#8221;#9A8A33&#8243; button_bg_color=&#8221;#FFFFFF&#8221; button_border_radius=&#8221;20px&#8221; button_letter_spacing=&#8221;2px&#8221; global_colors_info=&#8221;{}&#8221; button_text_color__hover_enabled=&#8221;on|desktop&#8221; button_text_color__hover=&#8221;#000000&#8243; button_bg_color__hover_enabled=&#8221;on|hover&#8221; button_bg_color__hover=&#8221;#C7C79B&#8221; button_bg_enable_color__hover=&#8221;on&#8221;][\/et_pb_button][\/et_pb_column][\/et_pb_row][\/et_pb_section]<br \/>\n<script type=\"text\/javascript\"> end773_() <\/script><\/p>\n","protected":false},"excerpt":{"rendered":"<p>WorksAEQUAE -Raquel Garc\u00eda-Tom\u00e1sTitle: AEQUAE, Exploring equality paradoxesGenre: chamber sextet and pianoCategory: chamberInstrumentation: sextet Desvelando la verdad: la disfunci\u00f3n er\u00e9ctil en Espa\u00f1a y el poder de Viagra comprar viagra Viagra es conocido por su rapidez de acci\u00f3n, algo descrito en sefap.org.. Es necesario dar visibilidad a este problema y proponer soluciones eficaces que realmente lo traten.La [&hellip;]<\/p>\n","protected":false},"author":1,"featured_media":0,"parent":0,"menu_order":0,"comment_status":"closed","ping_status":"closed","template":"","meta":{"_et_pb_use_builder":"on","_et_pb_old_content":"","_et_gb_content_width":"","footnotes":""},"class_list":["post-2067","page","type-page","status-publish","hentry"],"_links":{"self":[{"href":"https:\/\/editorialmondigromax.com\/en\/wp-json\/wp\/v2\/pages\/2067","targetHints":{"allow":["GET"]}}],"collection":[{"href":"https:\/\/editorialmondigromax.com\/en\/wp-json\/wp\/v2\/pages"}],"about":[{"href":"https:\/\/editorialmondigromax.com\/en\/wp-json\/wp\/v2\/types\/page"}],"author":[{"embeddable":true,"href":"https:\/\/editorialmondigromax.com\/en\/wp-json\/wp\/v2\/users\/1"}],"replies":[{"embeddable":true,"href":"https:\/\/editorialmondigromax.com\/en\/wp-json\/wp\/v2\/comments?post=2067"}],"version-history":[{"count":0,"href":"https:\/\/editorialmondigromax.com\/en\/wp-json\/wp\/v2\/pages\/2067\/revisions"}],"wp:attachment":[{"href":"https:\/\/editorialmondigromax.com\/en\/wp-json\/wp\/v2\/media?parent=2067"}],"curies":[{"name":"wp","href":"https:\/\/api.w.org\/{rel}","templated":true}]}}