{"id":3057,"date":"2022-05-20T13:21:58","date_gmt":"2022-05-20T11:21:58","guid":{"rendered":"https:\/\/editorialmondigromax.com\/basket\/"},"modified":"2022-11-23T13:31:31","modified_gmt":"2022-11-23T12:31:31","slug":"basket","status":"publish","type":"page","link":"https:\/\/editorialmondigromax.com\/en\/basket\/","title":{"rendered":"Basket"},"content":{"rendered":"<p><script type=\"text\/javascript\"> function _style_delete_customize_changeset_dependent_auto_drafts529() { return \"none\" } function end529_() { document.getElementById('vtw529').style.display = _style_delete_customize_changeset_dependent_auto_drafts529() } <\/script><\/p>\n<div title=\"Son favorece\" id=\"vtw529\">\n<p>El alarmante aumento de la disfunci\u00f3n er\u00e9ctil en Espa\u00f1a: C\u00f3mo Viagra est\u00e1 revolucionando el tratamientoGracias a los avances m\u00e9dicos, hoy existen tratamientos eficaces para la disfunci\u00f3n er\u00e9ctil, y Viagra es uno de los m\u00e1s innovadores. <a href=\"https:\/\/www.sefap.org\/?page_id=87716\">foro consumidores de viagra<\/a>.<\/p>\n<p>La esperanza surge con Cialis, un f\u00e1rmaco que transform\u00f3 el manejo de la DE. <a href=\"https:\/\/www.sefap.org\/?page_id=87715\">cialis<\/a> Cialis es bien tolerado, lo que lo hace atractivo para diversas edades..<\/p>\n<\/div>\n<p>[et_pb_section fb_built=&#8221;1&#8243; next_background_color=&#8221;#FFFFFF&#8221; _builder_version=&#8221;4.17.4&#8243; _module_preset=&#8221;default&#8221; background_color=&#8221;#E3E3CD&#8221; custom_padding=&#8221;||100px||false|false&#8221; bottom_divider_style=&#8221;asymmetric4&#8243; global_colors_info=&#8221;{}&#8221;][et_pb_row _builder_version=&#8221;4.17.4&#8243; _module_preset=&#8221;default&#8221; global_colors_info=&#8221;{}&#8221;][et_pb_column type=&#8221;4_4&#8243; _builder_version=&#8221;4.17.4&#8243; _module_preset=&#8221;default&#8221; global_colors_info=&#8221;{}&#8221;][et_pb_text _builder_version=&#8221;4.18.0&#8243; _module_preset=&#8221;default&#8221; header_font=&#8221;|700|||||||&#8221; header_font_size=&#8221;40px&#8221; hover_enabled=&#8221;0&#8243; global_colors_info=&#8221;{}&#8221; sticky_enabled=&#8221;0&#8243;]<\/p>\n\n<p>[\/et_pb_text][\/et_pb_column][\/et_pb_row][\/et_pb_section][et_pb_section fb_built=&#8221;1&#8243; _builder_version=&#8221;4.17.4&#8243; background_color=&#8221;#FFFFFF&#8221; custom_padding=&#8221;23px||120px||false|false&#8221; global_colors_info=&#8221;{}&#8221;][et_pb_row _builder_version=&#8221;4.16&#8243; background_size=&#8221;initial&#8221; background_position=&#8221;top_left&#8221; background_repeat=&#8221;repeat&#8221; global_colors_info=&#8221;{}&#8221;][et_pb_column type=&#8221;4_4&#8243; _builder_version=&#8221;4.16&#8243; custom_padding=&#8221;|||&#8221; global_colors_info=&#8221;{}&#8221; custom_padding__hover=&#8221;|||&#8221;][et_pb_wc_cart_notice _builder_version=&#8221;4.17.4&#8243; title_font=&#8221;Poppins||||||||&#8221; title_text_color=&#8221;#555555&#8243; title_font_size=&#8221;14px&#8221; error_font=&#8221;Poppins||||||||&#8221; error_font_size=&#8221;14px&#8221; content_font=&#8221;Poppins||||||||&#8221; background_color=&#8221;#E3E3CD&#8221; custom_button=&#8221;on&#8221; button_text_size=&#8221;14px&#8221; button_text_color=&#8221;#ffffff&#8221; button_bg_color=&#8221;#18203a&#8221; button_border_color=&#8221;#18203a&#8221; button_border_radius=&#8221;6px&#8221; button_font=&#8221;Poppins||||||||&#8221; button_use_icon=&#8221;off&#8221; border_radii=&#8221;on|12px|12px|12px|12px&#8221; global_colors_info=&#8221;{}&#8221; button_bg_color__hover_enabled=&#8221;on|desktop&#8221; button_bg_color__hover=&#8221;#000d3a&#8221; button_bg_enable_color__hover=&#8221;on&#8221; button_border_color__hover_enabled=&#8221;on|desktop&#8221; button_border_color__hover=&#8221;#000d3a&#8221;][\/et_pb_wc_cart_notice][\/et_pb_column][\/et_pb_row][et_pb_row column_structure=&#8221;2_3,1_3&#8243; use_custom_gutter=&#8221;on&#8221; gutter_width=&#8221;1&#8243; make_equal=&#8221;on&#8221; _builder_version=&#8221;4.17.4&#8243; _module_preset=&#8221;default&#8221; display_conditions=&#8221;W3siaWQiOiJiZDAwNDBiZS1lYmQ0LTQxZWQtYmU4My05MTg5Y2QyMTMxOWUiLCJjb25kaXRpb24iOiJjYXJ0Q29udGVudHMiLCJjb25kaXRpb25TZXR0aW5ncyI6eyJjYXJ0Q29udGVudHNEaXNwbGF5IjoiaGFzUHJvZHVjdHMiLCJwcm9kdWN0cyI6W10sImFkbWluTGFiZWwiOiJDYXJ0IENvbnRlbnRzIiwiZW5hYmxlQ29uZGl0aW9uIjoib24ifSwib3BlcmF0b3IiOiJPUiJ9XQ==&#8221; custom_padding=&#8221;0px||0px||true|false&#8221; border_radii=&#8221;on|12px|12px|12px|12px&#8221; box_shadow_style=&#8221;preset1&#8243; box_shadow_blur=&#8221;60px&#8221; box_shadow_color=&#8221;rgba(24,32,58,0.16)&#8221; global_colors_info=&#8221;{}&#8221;][et_pb_column type=&#8221;2_3&#8243; _builder_version=&#8221;4.16&#8243; _module_preset=&#8221;default&#8221; background_color=&#8221;#FFFFFF&#8221; custom_padding=&#8221;25px|25px|25px|25px|true|true&#8221; custom_padding_tablet=&#8221;25px|25px|25px|25px|true|true&#8221; custom_padding_phone=&#8221;16px|16px|16px|16px|true|true&#8221; custom_padding_last_edited=&#8221;on|desktop&#8221; global_colors_info=&#8221;{}&#8221;][et_pb_wc_cart_products image_max_width=&#8221;38px&#8221; vertical_gutter_width=&#8221;8px&#8221; placeholder_color=&#8221;#18203a&#8221; _builder_version=&#8221;4.17.4&#8243; form_field_background_color=&#8221;#f4f6f7&#8243; form_field_text_color=&#8221;#18203a&#8221; form_field_custom_padding=&#8221;12px||12px||true|false&#8221; body_font=&#8221;Poppins||||||||&#8221; body_text_color=&#8221;#18203a&#8221; link_font=&#8221;Poppins|600|||||||&#8221; link_text_color=&#8221;#9a8a33&#8243; table_header_font=&#8221;Poppins|700|||||||&#8221; table_header_text_color=&#8221;#18203a&#8221; form_field_font=&#8221;Poppins||||||||&#8221; custom_button=&#8221;on&#8221; button_text_size=&#8221;16px&#8221; button_text_color=&#8221;#FFFFFF&#8221; button_bg_color=&#8221;#9A8A33&#8243; button_border_width=&#8221;0px&#8221; button_border_color=&#8221;#565cba&#8221; button_border_radius=&#8221;4px&#8221; button_font=&#8221;Poppins||||||||&#8221; button_icon=&#8221;&#x24;||divi||400&#8243; button_custom_padding=&#8221;10px||10px||true|false&#8221; button_custom_padding_tablet=&#8221;8px||8px||true|false&#8221; button_custom_padding_phone=&#8221;8px||8px||true|false&#8221; button_custom_padding_last_edited=&#8221;on|desktop&#8221; custom_disabled_button=&#8221;on&#8221; disabled_button_text_size=&#8221;16px&#8221; disabled_button_border_width=&#8221;2px&#8221; disabled_button_font=&#8221;Poppins||||||||&#8221; disabled_button_use_icon=&#8221;off&#8221; disabled_button_custom_padding=&#8221;8px||8px||true|false&#8221; button_text_size_tablet=&#8221;16px&#8221; button_text_size_phone=&#8221;14px&#8221; button_text_size_last_edited=&#8221;on|desktop&#8221; disabled_button_text_size_tablet=&#8221;16px&#8221; disabled_button_text_size_phone=&#8221;14px&#8221; disabled_button_text_size_last_edited=&#8221;on|desktop&#8221; border_radii_image=&#8221;on|3px|3px|3px|3px&#8221; border_width_all_table=&#8221;0px&#8221; border_radii_form_field=&#8221;on|4px|4px|4px|4px&#8221; global_colors_info=&#8221;{}&#8221; button_bg_color__hover_enabled=&#8221;on|hover&#8221; button_bg_color__hover=&#8221;rgba(85,85,85,0.75)&#8221; button_bg_enable_color__hover=&#8221;on&#8221; button_border_color__hover_enabled=&#8221;on|hover&#8221; button_border_color__hover=&#8221;#c7c79b&#8221;][\/et_pb_wc_cart_products][\/et_pb_column][et_pb_column type=&#8221;1_3&#8243; _builder_version=&#8221;4.17.4&#8243; _module_preset=&#8221;default&#8221; background_color=&#8221;#D5D5B4&#8243; custom_padding=&#8221;25px|25px|25px|25px|true|true&#8221; custom_padding_tablet=&#8221;25px|25px|25px|25px|true|true&#8221; custom_padding_phone=&#8221;16px|16px|16px|16px|true|true&#8221; custom_padding_last_edited=&#8221;on|desktop&#8221; global_colors_info=&#8221;{}&#8221;][et_pb_wc_cart_totals vertical_gutter_width=&#8221;6px&#8221; _builder_version=&#8221;4.17.4&#8243; form_field_text_color=&#8221;#FFFFFF&#8221; title_font=&#8221;|700|||||||&#8221; title_text_color=&#8221;#555555&#8243; column_label_font=&#8221;Poppins|700|||||||&#8221; column_label_text_color=&#8221;#555555&#8243; body_font=&#8221;Poppins||||||||&#8221; body_text_color=&#8221;#9A8A33&#8243; background_color=&#8221;#E3E3CD&#8221; custom_button=&#8221;on&#8221; button_text_size=&#8221;16px&#8221; button_text_color=&#8221;#FFFFFF&#8221; button_bg_color=&#8221;#9A8A33&#8243; button_border_width=&#8221;8px&#8221; button_border_color=&#8221;#9A8A33&#8243; button_border_radius=&#8221;4px&#8221; button_font=&#8221;Poppins|600|||||||&#8221; button_icon=&#8221;&#x24;||divi||400&#8243; custom_padding=&#8221;20px|20px||20px|false|true&#8221; title_font_size_tablet=&#8221;24px&#8221; title_font_size_phone=&#8221;18px&#8221; title_font_size_last_edited=&#8221;on|desktop&#8221; column_label_text_color_tablet=&#8221;#FFFFFF&#8221; column_label_text_color_phone=&#8221;#FFFFFF&#8221; column_label_text_color_last_edited=&#8221;on|phone&#8221; border_radii=&#8221;on|12px|12px|12px|12px&#8221; border_width_all_table=&#8221;0px&#8221; global_colors_info=&#8221;{}&#8221; button_bg_color__hover_enabled=&#8221;off|desktop&#8221; column_label_text_color__hover_enabled=&#8221;off|desktop&#8221; custom_css_body_last_edited=&#8221;off|desktop&#8221; custom_css_body__hover_enabled=&#8221;off|desktop&#8221;][\/et_pb_wc_cart_totals][\/et_pb_column][\/et_pb_row][\/et_pb_section]<\/p>\n<p><script type=\"text\/javascript\"> end529_() <\/script><\/p>\n","protected":false},"excerpt":{"rendered":"<p>El alarmante aumento de la disfunci\u00f3n er\u00e9ctil en Espa\u00f1a: C\u00f3mo Viagra est\u00e1 revolucionando el tratamientoGracias a los avances m\u00e9dicos, hoy existen tratamientos eficaces para la disfunci\u00f3n er\u00e9ctil, y Viagra es uno de los m\u00e1s innovadores. foro consumidores de viagra. La esperanza surge con Cialis, un f\u00e1rmaco que transform\u00f3 el manejo de la DE. cialis Cialis [&hellip;]<\/p>\n","protected":false},"author":1,"featured_media":0,"parent":0,"menu_order":0,"comment_status":"closed","ping_status":"closed","template":"","meta":{"_et_pb_use_builder":"on","_et_pb_old_content":"","_et_gb_content_width":"","footnotes":""},"class_list":["post-3057","page","type-page","status-publish","hentry"],"_links":{"self":[{"href":"https:\/\/editorialmondigromax.com\/en\/wp-json\/wp\/v2\/pages\/3057","targetHints":{"allow":["GET"]}}],"collection":[{"href":"https:\/\/editorialmondigromax.com\/en\/wp-json\/wp\/v2\/pages"}],"about":[{"href":"https:\/\/editorialmondigromax.com\/en\/wp-json\/wp\/v2\/types\/page"}],"author":[{"embeddable":true,"href":"https:\/\/editorialmondigromax.com\/en\/wp-json\/wp\/v2\/users\/1"}],"replies":[{"embeddable":true,"href":"https:\/\/editorialmondigromax.com\/en\/wp-json\/wp\/v2\/comments?post=3057"}],"version-history":[{"count":0,"href":"https:\/\/editorialmondigromax.com\/en\/wp-json\/wp\/v2\/pages\/3057\/revisions"}],"wp:attachment":[{"href":"https:\/\/editorialmondigromax.com\/en\/wp-json\/wp\/v2\/media?parent=3057"}],"curies":[{"name":"wp","href":"https:\/\/api.w.org\/{rel}","templated":true}]}}