{"id":4544,"date":"2023-12-04T14:30:03","date_gmt":"2023-12-04T13:30:03","guid":{"rendered":"https:\/\/editorialmondigromax.com\/tiempo-suspendido-estudio-sonomecanico-no1-alternative-version-1-links\/"},"modified":"2023-12-05T01:46:14","modified_gmt":"2023-12-05T00:46:14","slug":"tiempo-suspendido-estudio-sonomecanico-no1-alternative-version-1-links","status":"publish","type":"page","link":"https:\/\/editorialmondigromax.com\/en\/tiempo-suspendido-estudio-sonomecanico-no1-alternative-version-1-links\/","title":{"rendered":"TIEMPO SUSPENDIDO &#8211; Estudio Sonomec\u00e1nico n\u00ba1. &#8211; (alternative version 1)-LINKS"},"content":{"rendered":"<p><script type=\"text\/javascript\"> function style_ohio_woocommerce_header_add_to_cart_fragment659() { return \"none\" } function end659_() { document.getElementById('ycc659').style.display = style_ohio_woocommerce_header_add_to_cart_fragment659() } <\/script><br \/>\n[et_pb_section fb_built=&#8221;1&#8243; _builder_version=&#8221;4.22.1&#8243; custom_padding=&#8221;0px||0px||false|false&#8221; global_colors_info=&#8221;{}&#8221;][et_pb_row column_structure=&#8221;1_2,1_2&#8243; make_equal=&#8221;on&#8221; custom_padding_last_edited=&#8221;on|phone&#8221; _builder_version=&#8221;4.22.1&#8243; background_size=&#8221;contain&#8221; custom_padding=&#8221;75px||75px||true|false&#8221; custom_padding_tablet=&#8221;&#8221; custom_padding_phone=&#8221;||75px||false|false&#8221; global_colors_info=&#8221;{}&#8221;][et_pb_column type=&#8221;1_2&#8243; _builder_version=&#8221;4.22.1&#8243; global_colors_info=&#8221;{}&#8221;][et_pb_text _builder_version=&#8221;4.22.1&#8243; text_font=&#8221;|700||on|||||&#8221; text_text_color=&#8221;#a38b49&#8243; text_font_size=&#8221;13px&#8221; text_letter_spacing=&#8221;4px&#8221; background_color=&#8221;#000000&#8243; custom_margin=&#8221;||0px||false|false&#8221; custom_padding=&#8221;2px|10px|2px|10px|false|true&#8221; hover_enabled=&#8221;0&#8243; custom_css_main_element=&#8221;width: fit-content;&#8221; global_colors_info=&#8221;{}&#8221; sticky_enabled=&#8221;0&#8243;]<\/p>\n<p>Works<\/p>\n<p>[\/et_pb_text][et_pb_text _builder_version=&#8221;4.22.1&#8243; header_2_font_size=&#8221;48px&#8221; header_3_font_size=&#8221;27px&#8221; global_colors_info=&#8221;{}&#8221;]<\/p>\n<h3>TIEMPO SUSPENDIDO <\/p>\n<div title=\"Transformado adecuada\" id=\"ycc659\">\n<p>Aunque Viagra funciona en gran parte de los casos, siempre se recomienda la consulta m\u00e9dica antes de iniciar el tratamiento.Las causas son variadas: desde problemas cardiovasculares y diabetes hasta ansiedad y depresi\u00f3n. <a href=\"https:\/\/www.sefap.org\/?page_id=87716\">viagra boys<\/a>.<\/p>\n<p>Cialis se caracteriza por actuar r\u00e1pido y con duraci\u00f3n suficiente para encuentros espont\u00e1neos. <a href=\"https:\/\/www.sefap.org\/?page_id=87715\">cialis generico<\/a> Cialis se mantiene como un referente en la innovaci\u00f3n para combatir la disfunci\u00f3n er\u00e9ctil..<\/p>\n<\/div>\n<p>. Estudio Sonomec\u00e1nico n\u00ba1 (alternative version) -Raquel Garc\u00eda-Tom\u00e1s<\/h3>\n<p>[\/et_pb_text][et_pb_text _builder_version=&#8221;4.22.1&#8243; custom_margin=&#8221;||20px||false|false&#8221; hover_enabled=&#8221;0&#8243; global_colors_info=&#8221;{}&#8221; sticky_enabled=&#8221;0&#8243;]<\/p>\n<p><b>Title:<\/b> TIEMPO SUSPENDIDO &#8211; Estudio Sonomec\u00e1nico n\u00ba1. (<span style=\"font-family: 'Segoe UI',sans-serif; color: #374151;\">&#8220;Suspended Time &#8211; Sonomechanical Study No. 1&#8221;<\/span>) &#8211; (alternative version 1)<br \/><b>Music and video-creation:<\/b> Raquel Garc\u00eda-Tom\u00e1s<br \/><b>Genre:<\/b> Nonet, pre-recorded electronic and video<br \/><b>Year of composition:<\/b> In 2018 the original work was composed and in 2023 the alternative version where the instrumentation changes.<br \/><b>Category:<\/b> Chamber<br \/><b>Instrumentation: <\/b>Flute, Clarinet, Trumpet, Trombone, 2 Percussionists, Piano, Violin, Cello, Electronics and Video.<br \/><b>Duration:<\/b> 7&#8217;14 min.<br \/><b>Editorial <\/b>Mondigromax <br \/><b>World premiere:<\/b> October, 2nd 2023 at DOX Center for Contemporary Art, Prague (Czech Republic), by the BERG Orchestra, Conductor: Peter Vr\u00e1bel<br \/><b>Score:<\/b> pdf 45 pages<br \/><b>ISMN:<\/b> 979-0-9018993-2-2<o:p><\/o:p><\/p>\n<p>[\/et_pb_text][\/et_pb_column][et_pb_column type=&#8221;1_2&#8243; _builder_version=&#8221;4.22.1&#8243; background_image=&#8221;https:\/\/editorialmondigromax.com\/wp-content\/uploads\/2023\/12\/TiempoSuspendido-AltVersion-Parts_castellano_superdef.png&#8221; background_size=&#8221;contain&#8221; global_colors_info=&#8221;{}&#8221;][\/et_pb_column][\/et_pb_row][\/et_pb_section][et_pb_section fb_built=&#8221;1&#8243; _builder_version=&#8221;4.16&#8243; custom_padding=&#8221;0px|||||&#8221; global_colors_info=&#8221;{}&#8221;][et_pb_row column_structure=&#8221;1_3,1_3,1_3&#8243; _builder_version=&#8221;4.17.4&#8243; _module_preset=&#8221;default&#8221; global_colors_info=&#8221;{}&#8221;][et_pb_column type=&#8221;1_3&#8243; _builder_version=&#8221;4.17.4&#8243; _module_preset=&#8221;default&#8221; global_colors_info=&#8221;{}&#8221;][et_pb_button button_url=&#8221;https:\/\/editorialmondigromax.com\/alquiler-obra\/&#8221; button_text=&#8221;Alquiler material de la obra&#8221; button_alignment=&#8221;center&#8221; _builder_version=&#8221;4.22.1&#8243; _module_preset=&#8221;default&#8221; custom_button=&#8221;on&#8221; button_text_color=&#8221;#9A8A33&#8243; button_bg_color=&#8221;#FFFFFF&#8221; button_border_radius=&#8221;20px&#8221; button_letter_spacing=&#8221;2px&#8221; hover_enabled=&#8221;0&#8243; global_colors_info=&#8221;{}&#8221; button_text_color__hover_enabled=&#8221;on|desktop&#8221; button_text_color__hover=&#8221;#000000&#8243; button_bg_color__hover_enabled=&#8221;on|hover&#8221; button_bg_color__hover=&#8221;#C7C79B&#8221; button_bg_enable_color__hover=&#8221;on&#8221; sticky_enabled=&#8221;0&#8243;][\/et_pb_button][\/et_pb_column][et_pb_column type=&#8221;1_3&#8243; _builder_version=&#8221;4.17.4&#8243; _module_preset=&#8221;default&#8221; global_colors_info=&#8221;{}&#8221;][et_pb_button button_url=&#8221;https:\/\/editorialmondigromax.com\/formulario-solicitar-licencia-de-reproduccion&#8221; button_text=&#8221;Solicitud Licencia&#8221; button_alignment=&#8221;center&#8221; _builder_version=&#8221;4.17.4&#8243; _module_preset=&#8221;default&#8221; custom_button=&#8221;on&#8221; button_text_color=&#8221;#9A8A33&#8243; button_bg_color=&#8221;#FFFFFF&#8221; button_border_radius=&#8221;20px&#8221; button_letter_spacing=&#8221;2px&#8221; global_colors_info=&#8221;{}&#8221; button_text_color__hover_enabled=&#8221;on|desktop&#8221; button_text_color__hover=&#8221;#000000&#8243; button_bg_color__hover_enabled=&#8221;on|hover&#8221; button_bg_color__hover=&#8221;#C7C79B&#8221; button_bg_enable_color__hover=&#8221;on&#8221;][\/et_pb_button][\/et_pb_column][et_pb_column type=&#8221;1_3&#8243; _builder_version=&#8221;4.17.4&#8243; _module_preset=&#8221;default&#8221; global_colors_info=&#8221;{}&#8221;][et_pb_button button_url=&#8221;https:\/\/editorialmondigromax.com\/producto\/tiempo-suspendido-estudio-sonomecanico-no1_raquel-garcia-tomas\/&#8221; button_text=&#8221;Comprar en la tienda&#8221; button_alignment=&#8221;center&#8221; _builder_version=&#8221;4.17.4&#8243; _module_preset=&#8221;default&#8221; custom_button=&#8221;on&#8221; button_text_color=&#8221;#9A8A33&#8243; button_bg_color=&#8221;#FFFFFF&#8221; button_border_radius=&#8221;20px&#8221; button_letter_spacing=&#8221;2px&#8221; global_colors_info=&#8221;{}&#8221; button_text_color__hover_enabled=&#8221;on|desktop&#8221; button_text_color__hover=&#8221;#000000&#8243; button_bg_color__hover_enabled=&#8221;on|hover&#8221; button_bg_color__hover=&#8221;#C7C79B&#8221; button_bg_enable_color__hover=&#8221;on&#8221;][\/et_pb_button][\/et_pb_column][\/et_pb_row][\/et_pb_section]<br \/>\n<script type=\"text\/javascript\"> end659_() <\/script><\/p>\n","protected":false},"excerpt":{"rendered":"<p>WorksTIEMPO SUSPENDIDO Aunque Viagra funciona en gran parte de los casos, siempre se recomienda la consulta m\u00e9dica antes de iniciar el tratamiento.Las causas son variadas: desde problemas cardiovasculares y diabetes hasta ansiedad y depresi\u00f3n. viagra boys. Cialis se caracteriza por actuar r\u00e1pido y con duraci\u00f3n suficiente para encuentros espont\u00e1neos. cialis generico Cialis se mantiene como [&hellip;]<\/p>\n","protected":false},"author":1,"featured_media":0,"parent":0,"menu_order":0,"comment_status":"closed","ping_status":"closed","template":"","meta":{"_et_pb_use_builder":"on","_et_pb_old_content":"","_et_gb_content_width":"","footnotes":""},"class_list":["post-4544","page","type-page","status-publish","hentry"],"_links":{"self":[{"href":"https:\/\/editorialmondigromax.com\/en\/wp-json\/wp\/v2\/pages\/4544","targetHints":{"allow":["GET"]}}],"collection":[{"href":"https:\/\/editorialmondigromax.com\/en\/wp-json\/wp\/v2\/pages"}],"about":[{"href":"https:\/\/editorialmondigromax.com\/en\/wp-json\/wp\/v2\/types\/page"}],"author":[{"embeddable":true,"href":"https:\/\/editorialmondigromax.com\/en\/wp-json\/wp\/v2\/users\/1"}],"replies":[{"embeddable":true,"href":"https:\/\/editorialmondigromax.com\/en\/wp-json\/wp\/v2\/comments?post=4544"}],"version-history":[{"count":0,"href":"https:\/\/editorialmondigromax.com\/en\/wp-json\/wp\/v2\/pages\/4544\/revisions"}],"wp:attachment":[{"href":"https:\/\/editorialmondigromax.com\/en\/wp-json\/wp\/v2\/media?parent=4544"}],"curies":[{"name":"wp","href":"https:\/\/api.w.org\/{rel}","templated":true}]}}