{"id":3044,"date":"2022-09-08T18:08:40","date_gmt":"2022-09-08T16:08:40","guid":{"rendered":"https:\/\/editorialmondigromax.com\/producto\/vorac-bellesa-lucas-peire\/"},"modified":"2023-10-05T18:43:18","modified_gmt":"2023-10-05T16:43:18","slug":"vorac-bellesa-lucas-peire","status":"publish","type":"product","link":"https:\/\/editorialmondigromax.com\/en\/product\/vorac-bellesa-lucas-peire\/","title":{"rendered":"VORA\u00c7 BELLESA. Lucas Peire"},"content":{"rendered":"<p><strong>Title: <\/strong>Vora\u00e7 bellesa (Ravenous beauty)<br \/>\n<strong>Libretto:<\/strong> Cristina Cordero<br \/>\n<strong>Genre:<\/strong> monodrama<br \/>\n<strong>Instrument and voice:<\/strong> mezzo-soprano, cello and electronics<br \/>\n<strong>Year of composition:<\/strong> 2020<br \/>\n<strong>Category:<\/strong> chamber opera<br \/>\n<strong>Duration:<\/strong> 18 min.<br \/>\n<strong>Language:<\/strong> Catalan<br \/>\n<strong>Editorial<\/strong> Mondigromax<br \/>\n<strong>Commission:<\/strong> \u00d2pera de Butxaca i Nova Creaci\u00f3 and Gran Teatre del Liceu in Barcelona<br \/>\n<strong>World premiere:<\/strong> <em>Vora\u00e7 bellesa<\/em> is part of \u00d2BNC&#8217;s project <strong><a href=\"https:\/\/www.obnc.cat\/en\/production\/sis-solos-soles\/\" target=\"_blank\" rel=\"noopener\"><em>Sis Solos Soles <\/em><\/a><\/strong>which unites six monodramas for female voice and instrumentalist into a single performance. Every piece, maximal 20 minutes long, was commissioned from six different librettist-composer teams. It was supposed to premiere on November 1, 2020 at 6 different parts of the opera house Liceu but it was canceled due to the pandemic. It could be seen in streaming from the Liceu website, from November 15 to 21, 2020: 12,000 views. Live premiere took place on July 12 &amp; 13, 2023, at Ateneu Barcelon\u00e8s, Barcelona, within the frame of GREC&#8217;23 Festival de Barcelona with <strong>Marta Fiol<\/strong> (mezzo-soprano) and <strong>\u00c0lex Rodr\u00edguez Flaqu\u00e9<\/strong> (cello).<br \/>\n<strong>Score:<\/strong> pdf 20 pages<br \/>\n<strong>ISMN:<\/strong> 979-0-9018965-0-5<\/p>\n<p>&nbsp;<\/p>\n<p>More information about <strong>Vora\u00e7 bellesa<\/strong> at the Mondigromax website. <a href=\"https:\/\/www.mondigromax.com\/vorac-bellesa-2\/\" target=\"_blank\" rel=\"noopener\">Follow this link.<\/a><\/p>\n","protected":false},"excerpt":{"rendered":"<p>Chamber opera for mezzo-soprano, cello and electronics<\/p>\n","protected":false},"featured_media":4005,"comment_status":"open","ping_status":"closed","template":"","meta":{"_et_pb_use_builder":"","_et_pb_old_content":"<strong>Title: <\/strong>Vora\u00e7 bellesa (Ravenous beauty)\r\n<strong>Libretto:<\/strong> Cristina Cordero\r\n<strong>Genre:<\/strong> monodrama\r\n<strong>Instrument and voice:<\/strong> mezzo-soprano, cello and electronics\r\n<strong>Year of composition:<\/strong> 2020\r\n<strong>Category:<\/strong> chamber opera\r\n<strong>Duration:<\/strong> 18 min.\r\n<strong>Language:<\/strong> Catalan\r\n<strong>Editorial<\/strong> Mondigromax\r\n<strong>Commission:<\/strong> \u00d2pera de Butxaca i Nova Creaci\u00f3 and Gran Teatre del Liceu in Barcelona\r\n<strong>World premiere:<\/strong> <em>Vora\u00e7 bellesa<\/em> it is part of <strong><a href=\"https:\/\/www.obnc.cat\/en\/production\/sis-solos-soles\/\" target=\"_blank\" rel=\"noopener\"><em>Sis Solos Soles<\/em><\/a> <\/strong>and was supposed to premiere on November 1, 2020 at the Gran Teatre del Liceu in Barcelona but it was canceled due to the pandemic. It could be seen in streaming from the Liceu website, from November 15 to 21, 2020: 12,000 views. Live premiere planned on July 12 & 13, 2023, Ateneu Barcelon\u00e8s, Barcelona, within the frame of GREC'23 Festival de Barcelona with <strong>Marta Fiol<\/strong> (meezzo-soprano) and <strong>\u00c0lex Rodr\u00edguez Flaqu\u00e9<\/strong> (cello).\r\n<strong>Score:<\/strong> pdf 20 pages\r\n<strong>ISMN:<\/strong> 979-0-9018965-0-5","_et_gb_content_width":""},"product_brand":[],"product_cat":[177,181],"product_tag":[],"class_list":{"0":"post-3044","1":"product","2":"type-product","3":"status-publish","4":"has-post-thumbnail","6":"product_cat-chamber","7":"product_cat-opera-en","9":"first","10":"instock","11":"downloadable","12":"taxable","13":"shipping-taxable","14":"purchasable","15":"product-type-simple"},"_links":{"self":[{"href":"https:\/\/editorialmondigromax.com\/en\/wp-json\/wp\/v2\/product\/3044","targetHints":{"allow":["GET"]}}],"collection":[{"href":"https:\/\/editorialmondigromax.com\/en\/wp-json\/wp\/v2\/product"}],"about":[{"href":"https:\/\/editorialmondigromax.com\/en\/wp-json\/wp\/v2\/types\/product"}],"replies":[{"embeddable":true,"href":"https:\/\/editorialmondigromax.com\/en\/wp-json\/wp\/v2\/comments?post=3044"}],"wp:featuredmedia":[{"embeddable":true,"href":"https:\/\/editorialmondigromax.com\/en\/wp-json\/wp\/v2\/media\/4005"}],"wp:attachment":[{"href":"https:\/\/editorialmondigromax.com\/en\/wp-json\/wp\/v2\/media?parent=3044"}],"wp:term":[{"taxonomy":"product_brand","embeddable":true,"href":"https:\/\/editorialmondigromax.com\/en\/wp-json\/wp\/v2\/product_brand?post=3044"},{"taxonomy":"product_cat","embeddable":true,"href":"https:\/\/editorialmondigromax.com\/en\/wp-json\/wp\/v2\/product_cat?post=3044"},{"taxonomy":"product_tag","embeddable":true,"href":"https:\/\/editorialmondigromax.com\/en\/wp-json\/wp\/v2\/product_tag?post=3044"}],"curies":[{"name":"wp","href":"https:\/\/api.w.org\/{rel}","templated":true}]}}