{"id":3172,"date":"2022-09-05T00:40:46","date_gmt":"2022-09-04T22:40:46","guid":{"rendered":"https:\/\/editorialmondigromax.com\/producto\/piano-concerto-enric-palomar\/"},"modified":"2023-12-24T00:54:10","modified_gmt":"2023-12-23T23:54:10","slug":"piano-concerto-enric-palomar","status":"publish","type":"product","link":"https:\/\/editorialmondigromax.com\/en\/product\/piano-concerto-enric-palomar\/","title":{"rendered":"PIANO  CONCERTO. Enric Palomar"},"content":{"rendered":"<p><strong>Title:<\/strong> Piano Concerto<br \/>\n<strong>Genre:<\/strong> Symphonic work<br \/>\n<strong>Instrumentation:<\/strong> Piccolo, 2 Flutes, 2 Oboes, English Horn, 2 Bb Clarinets, Bass Clarinet, 2 Bassoons, 4 Horns, 3 C Trumpets, 2 Trombones, Bass trombone, Tuba, Timpani, Percussion (3 players), (snare drum, 3 tom toms, bass drum, suspended cymbals, tam tam, triangle, glockenspiel) Harp, Piano solo, Violins 1, Violins 2, Violas, Cellos, Double Basses<br \/>\n<strong>Category:<\/strong> Orchestra<br \/>\n<strong>Year of composition:<\/strong> 2011<br \/>\n<strong>Duration:<\/strong> 25 minutes<br \/>\n<strong>Editorial<\/strong> Mondigromax<br \/>\n<strong>Commission:<\/strong> Auditori de Barcelona and Fundaci\u00f3n Autor<br \/>\n<strong>Dedicated:<\/strong> To Iv\u00e1n Mart\u00edn<br \/>\n<strong>Premiere:<\/strong> At L&#8217;Auditori de Barcelona on May 1, 2011, Iv\u00e1n Mart\u00edn, piano; Direction: Josep Caball\u00e9 Domenech, Barcelona and National Symphony Orchestra of Catalonia, OBC<br \/>\n<strong>Score:<\/strong> pdf 140 pages. Not available<br \/>\n<strong>ISMN:<\/strong> 979-0-9018961-3-0<\/p>\n<p>More information about <strong>Piano Concerto<\/strong> at the Mondigromax website. <a href=\"https:\/\/www.mondigromax.com\/piano-concerto-2\/\" target=\"_blank\" rel=\"noopener\">Follow this link.<\/a><\/p>\n","protected":false},"excerpt":{"rendered":"<p>Orchestra and piano<\/p>\n","protected":false},"featured_media":4253,"comment_status":"open","ping_status":"closed","template":"","meta":{"_et_pb_use_builder":"","_et_pb_old_content":"","_et_gb_content_width":""},"product_brand":[],"product_cat":[179],"product_tag":[207],"class_list":{"0":"post-3172","1":"product","2":"type-product","3":"status-publish","4":"has-post-thumbnail","6":"product_cat-orchestra","7":"product_tag-piano-en","9":"first","10":"instock","11":"taxable","12":"shipping-taxable","13":"product-type-simple"},"_links":{"self":[{"href":"https:\/\/editorialmondigromax.com\/en\/wp-json\/wp\/v2\/product\/3172","targetHints":{"allow":["GET"]}}],"collection":[{"href":"https:\/\/editorialmondigromax.com\/en\/wp-json\/wp\/v2\/product"}],"about":[{"href":"https:\/\/editorialmondigromax.com\/en\/wp-json\/wp\/v2\/types\/product"}],"replies":[{"embeddable":true,"href":"https:\/\/editorialmondigromax.com\/en\/wp-json\/wp\/v2\/comments?post=3172"}],"wp:featuredmedia":[{"embeddable":true,"href":"https:\/\/editorialmondigromax.com\/en\/wp-json\/wp\/v2\/media\/4253"}],"wp:attachment":[{"href":"https:\/\/editorialmondigromax.com\/en\/wp-json\/wp\/v2\/media?parent=3172"}],"wp:term":[{"taxonomy":"product_brand","embeddable":true,"href":"https:\/\/editorialmondigromax.com\/en\/wp-json\/wp\/v2\/product_brand?post=3172"},{"taxonomy":"product_cat","embeddable":true,"href":"https:\/\/editorialmondigromax.com\/en\/wp-json\/wp\/v2\/product_cat?post=3172"},{"taxonomy":"product_tag","embeddable":true,"href":"https:\/\/editorialmondigromax.com\/en\/wp-json\/wp\/v2\/product_tag?post=3172"}],"curies":[{"name":"wp","href":"https:\/\/api.w.org\/{rel}","templated":true}]}}